{"id":1716,"date":"2026-05-13T13:29:02","date_gmt":"2026-05-13T12:29:02","guid":{"rendered":"https:\/\/gamble-rina.org\/app\/"},"modified":"2026-05-13T14:51:59","modified_gmt":"2026-05-13T13:51:59","slug":"app","status":"publish","type":"page","link":"https:\/\/gamble-rina.org\/de\/app\/","title":{"rendered":"App"},"content":{"rendered":"<h1>Gamble Rina Mobile-Plattform<\/h1>\n<p>Die Gamblerina App bietet Nutzern vollen Zugriff auf die Plattform. Sie l\u00e4uft reibungslos sowohl auf Android als auch auf iOS, und Sie m\u00fcssen nichts zus\u00e4tzlich herunterladen. Alle Spiele und Konto-Tools befinden sich an einem Ort. Sie k\u00f6nnen die App in nur wenigen Schritten installieren und jederzeit mit dem Spielen beginnen. Das Layout ist \u00fcbersichtlich und passt sich automatisch an den von Ihnen verwendeten Bildschirm an, sodass Sie von \u00fcberall aus problemlos spielen k\u00f6nnen.<\/p>\n<p><div class=\"banner-wrap\" aria-label=\"Banner\"><img src=\"https:\/\/gamble-rina.org\/wp-content\/uploads\/2026\/05\/Gamblerina-banner-carousel-800\u0445400.webp\" class=\"w-100 d-none d-lg-block img-pc main-banner-img\" alt=\"Gamblerina banner desktop\" fetchpriority=\"high\" decoding=\"async\"><img src=\"https:\/\/gamble-rina.org\/wp-content\/uploads\/2026\/05\/gamblerina-banner-mobile.webp\" class=\"w-100 d-none d-md-block d-lg-none main-banner-img\" alt=\"Gamblerina banner mobile\" fetchpriority=\"high\" decoding=\"async\"><img src=\"https:\/\/gamble-rina.org\/wp-content\/uploads\/2026\/05\/gamblerina-banner-mobile.webp\" class=\"w-100 d-md-none\" alt=\"Gamblerina banner mobile\" fetchpriority=\"high\" decoding=\"async\"><div class=\"banner-description\">\n<div class=\"banner-title\">Willkommensboni<\/div>\n<p class=\"banner-header-title\">\u20ac1,500<\/p>\n<div class=\"banner-header-AdditionalText\">+ 250 Freispiele<\/div>\n<button data-item=\"homepage_banner_link\" class=\"goto m-button m-gradient-border m-button--primary m-button--large banner-button btn-orange\">\n            <div class=\"m-button-content\">\n                <span>Jetzt anmelden<\/span>\n                <span><\/span>\n            <\/div>\n        <\/button>\n<\/div>\n<div class=\"WelcomePack\">\n<p><img loading=\"lazy\" decoding=\"async\" class=\"alignnone size-full wp-image-1515\" src=\"https:\/\/gamble-rina.org\/wp-content\/uploads\/2026\/05\/welcome-crown.png\" alt=\"crown\" width=\"25\" height=\"26\" \/><\/p>\n<div class=\"WelcomePack-Info\">W\u00f6chentlicher Cashback von bis zu 25 %<\/div>\n<p><img loading=\"lazy\" decoding=\"async\" class=\"alignnone size-full wp-image-1515\" src=\"https:\/\/gamble-rina.org\/wp-content\/uploads\/2026\/05\/welcome-crown.png\" alt=\"crown\" width=\"25\" height=\"26\" \/><\/p>\n<\/div>\n<\/div><div class=\"scrollable-content-wrap my-5\"><div class=\"scrollable-content-inner\"><h2>iOS-Erlebnis: Spielen Sie auf iPhone und iPad<\/h2>\n<p>Unsere mobile Software funktioniert auf jedem iOS-Ger\u00e4t. Die Gamblerina App l\u00e4uft direkt \u00fcber den Safari-Browser als Schnellzugriff-Shortcut. Sie m\u00fcssen weder den App Store besuchen noch gro\u00dfe Dateien installieren. Die Plattform l\u00e4dt schnell und bietet auf allen iOS-Ger\u00e4ten eine stabile Leistung.<\/p>\n<p>Das Hauptmerkmal der Gamblerina App sind Benachrichtigungen. Sie erhalten Updates zu Boni, Turnieren, neuen Spielen \u2013 alles, was Sie nicht verpassen m\u00f6chten. Das kleine App-Symbol befindet sich auf Ihrem Startbildschirm, sodass Sie mit einem Fingertipp das mobile Casino \u00f6ffnen und ohne Verz\u00f6gerung wieder im Spiel sind. Unsere App nutzt sichere Verschl\u00fcsselung und gepr\u00fcfte Schutzsysteme, um alle Daten und Transaktionen zu sch\u00fctzen.<\/p>\n<h3>So installieren Sie die App auf iOS<\/h3>\n<ol>\n<li>Zun\u00e4chst sollten Sie die Website des Gamble Rina Casinos in Safari \u00f6ffnen.<\/li>\n<li>Tippen Sie anschlie\u00dfend auf das Symbol \u201eTeilen\u201c und w\u00e4hlen Sie \u201eZum Startbildschirm hinzuf\u00fcgen\u201c.<\/li>\n<li>Und schlie\u00dflich best\u00e4tigen Sie den Vorgang, indem Sie auf \u201eHinzuf\u00fcgen\u201c tippen.<\/li>\n<\/ol>\n<p><img loading=\"lazy\" decoding=\"async\" src=\"https:\/\/gamble-rina.org\/wp-content\/uploads\/2026\/05\/Gamblerina-iOS-App.webp\" alt=\"Gamblerina iOS App\" width=\"1248\" height=\"536\" \/><\/p>\n<\/div><\/div><div style=\"clear: both\"><\/div><div class=\"d-flex justify-content-center\"><button data-item=\"decouvrez_link\" data-group=\"website_links\" class=\"goto fw-bold rounded-pill btn btn-orange\" aria-label=\"Laden Sie die Gamblerina-App herunter\" >Laden Sie die Gamblerina-App herunter<\/button><\/div><div class=\"scrollable-content-wrap my-5\"><div class=\"scrollable-content-inner\"><h2>Desktop-Zugriff f\u00fcr Windows und macOS<\/h2>\n<p>Wir unterst\u00fctzen auch den Desktop-Zugriff \u00fcber eine browserbasierte L\u00f6sung. Sie k\u00f6nnen die mobile Software von Gamblerina Casino unter Windows und macOS nutzen, ohne zus\u00e4tzliche Dateien herunterladen zu m\u00fcssen. Die Plattform kann als Desktop-Verkn\u00fcpfung gespeichert werden, die wie eine App funktioniert und Ihnen den Zugriff mit einem Klick erm\u00f6glicht.<\/p>\n<p>Die Desktop-Version des Gamblerina Casinos ist f\u00fcr gr\u00f6\u00dfere Bildschirme optimiert. Sie bietet eine \u00fcbersichtliche Navigation und hochwertige Grafiken. Sie erhalten alle Funktionen: Spiele, Zahlungen, Verifizierungsprozess, Kontoeinstellungen. Eine gute Wahl, wenn Sie mehr Platz auf dem Bildschirm haben m\u00f6chten und nichts gegen etwas mehr Details einzuwenden haben. Sie k\u00f6nnen eine Desktop-Verkn\u00fcpfung zu Gamblerina erstellen: Dadurch wird die Website zu einer eigenen kleinen Web-App. Ein Klick und schon sind Sie drin. Kein Durchsuchen von Lesezeichen oder Eingeben von URLs.<\/p>\n<p><img loading=\"lazy\" decoding=\"async\" src=\"https:\/\/gamble-rina.org\/wp-content\/uploads\/2026\/05\/Gamblerina-Desktop.webp\" alt=\"Gamblerina Desktop\" width=\"1248\" height=\"536\" \/><\/p>\n<\/div><\/div><div style=\"clear: both\"><\/div><div class=\"d-flex justify-content-center\"><button data-item=\"decouvrez_link\" data-group=\"website_links\" class=\"goto fw-bold rounded-pill btn btn-orange\" aria-label=\"Gamblerina herunterladen\" >Gamblerina herunterladen<\/button><\/div><div class=\"scrollable-content-wrap my-5\"><div class=\"scrollable-content-inner\"><h2>Zugriff \u00fcber Android-Mobilger\u00e4te<\/h2>\n<p>Die Gamblerina App funktioniert auf allen Android-Ger\u00e4ten als moderne Progressive Web App (PWA). Unsere PWA l\u00e4uft auf jedem Android-Ger\u00e4t. Sie m\u00fcssen keine APK-Dateien herunterladen oder Software von Drittanbietern installieren. Die App wird direkt \u00fcber den Browser installiert und nimmt fast keinen Speicherplatz auf Ihrem Ger\u00e4t ein. Die mobile Software l\u00e4uft schnell und sorgt f\u00fcr eine stabile Verbindung, sodass Sie jederzeit und ohne Einschr\u00e4nkungen spielen k\u00f6nnen.<\/p>\n<p>Das Gamblerina-System startet sofort und l\u00e4uft immer in der neuesten Version, sodass keine manuellen Updates erforderlich sind. Sie erhalten au\u00dferdem Benachrichtigungen \u00fcber Updates, Aktionen und Veranstaltungen. So bleiben Sie auf dem Laufenden, ohne die Website selbst \u00fcberpr\u00fcfen zu m\u00fcssen.<\/p>\n<p><img loading=\"lazy\" decoding=\"async\" src=\"https:\/\/gamble-rina.org\/wp-content\/uploads\/2026\/05\/Gamblerina-Android-App.webp\" alt=\"Gamblerina Android App\" width=\"1248\" height=\"536\" \/><\/p>\n<\/div><\/div><div style=\"clear: both\"><\/div><div class=\"d-flex justify-content-center\"><button data-item=\"decouvrez_link\" data-group=\"website_links\" class=\"goto fw-bold rounded-pill btn btn-orange\" aria-label=\"Laden Sie die Gamblerina-App herunter\" >Laden Sie die Gamblerina-App herunter<\/button><\/div><div class=\"scrollable-content-wrap my-5\"><div class=\"scrollable-content-inner\"><h2>Wichtigste Funktionen und Vorteile<\/h2>\n<p>Bei Gamblerina Casino haben Sie die Wahl. Wenn Sie unterwegs spielen, k\u00f6nnen Sie zwischen der Browser-Version und unserer speziellen App w\u00e4hlen. Der Vorteil des Spielens am PC ist der gro\u00dfe Bildschirm, w\u00e4hrend die mobile App auf Geschwindigkeit und Mobilit\u00e4t ausgerichtet ist. Beide Optionen bieten den vollen Funktionsumfang. Das bedeutet, dass \u00fcber 6.000 Spiele \u2013 beliebte Online-Slots, Tischspiele und alles andere \u2013 sofort verf\u00fcgbar sind.<\/p>\n<p>Sie m\u00fcssen sich registrieren, um die App nutzen zu k\u00f6nnen. Wenn Sie jedoch noch kein Konto haben, k\u00f6nnen Sie direkt in der mobilen Version von Gamblerina eines erstellen. Der Vorgang ist derselbe wie auf einem Computer. Und sobald Sie sich von verschiedenen Ger\u00e4ten aus bei demselben Konto anmelden, werden Ihr Guthaben und Ihr Spielfortschritt synchronisiert.<\/p>\n<table>\n<tbody>\n<tr>\n<td>Funktion<\/td>\n<td>Was das bedeutet<\/td>\n<\/tr>\n<tr>\n<td>Schnelle Ladezeiten<\/td>\n<td>Spiele und Seiten \u00f6ffnen sich schnell, selbst bei langsameren Verbindungen<\/td>\n<\/tr>\n<tr>\n<td>Kein Download erforderlich<\/td>\n<td>Greifen Sie direkt \u00fcber Ihren Browser auf das Casino zu, f\u00fcgen Sie eine Verkn\u00fcpfung auf Ihrem Startbildschirm hinzu<\/td>\n<\/tr>\n<tr>\n<td>F\u00fcr Mobilger\u00e4te optimiertes Design<\/td>\n<td>Funktioniert problemlos auf Smartphone, Tablet oder Desktop<\/td>\n<\/tr>\n<tr>\n<td>Push-Benachrichtigungen<\/td>\n<td>Erhalten Sie Benachrichtigungen zu Neuigkeiten und Veranstaltungen<\/td>\n<\/tr>\n<tr>\n<td>Bequeme Zahlungsabwicklung<\/td>\n<td>Ein- und Auszahlungen direkt in der App<\/td>\n<\/tr>\n<\/tbody>\n<\/table>\n<h2>Tipps zur Fehlerbehebung<\/h2>\n<p>Sollten bei Gamble Rina Casino Probleme auftreten, lassen sich die meisten schnell beheben:<\/p>\n<ul>\n<li>\u00dcberpr\u00fcfen Sie Ihre Internetverbindung<\/li>\n<li>Aktualisieren Sie die Seite oder starten Sie das Ger\u00e4t neu<\/li>\n<li>Leeren Sie den Cache Ihres Browsers<\/li>\n<li>Melden Sie sich ab und wieder an<\/li>\n<\/ul>\n<p>Sollte das Problem weiterhin bestehen, steht Ihnen unser mehrsprachiges Support-Team rund um die Uhr per Live-Chat oder E-Mail zur Verf\u00fcgung. Wir reagieren schnell und helfen Ihnen bei der L\u00f6sung jedes Problems.<\/p>\n<h2>FAQ<\/h2>\n<h3>Funktioniert die App auf \u00e4lteren Ger\u00e4ten?<\/h3>\n<p>Ja, die Gamblerina App funktioniert auf den meisten Smartphones, die moderne Browser unterst\u00fctzen. F\u00fcr unsere moderne, progressive Web-App ist vor allem eine stabile Internetverbindung wichtig. Es m\u00fcssen keine gro\u00dfen Dateien heruntergeladen oder App-Stores aufgerufen werden. Wenn Ihr Android-Ger\u00e4t also \u00fcber eine Internetverbindung verf\u00fcgt, funktioniert die Web-App.<\/p>\n<h3>Sind alle Spiele in der App verf\u00fcgbar?<\/h3>\n<p>Ja, die gesamte Spielbibliothek ist verf\u00fcgbar. Alle Inhalte sind mit der Desktop-Version synchronisiert. Sie finden jedes Spiel aus der Gamblerina Casino-Bibliothek in unserer mobilen App. Alle Spiele sind f\u00fcr mobile Ger\u00e4te optimiert und laden schnell. Das Gameplay ist genau dasselbe wie in der PC-Version.<\/p>\n<h3>Kann ich Boni in der Gamblerina App nutzen?<\/h3>\n<p>Ja, Sie k\u00f6nnen Gamblerina-Aktionen in der mobilen Version nutzen. Hier steht Ihnen absolut alles zur Verf\u00fcgung, was auch in der Desktop-Version verf\u00fcgbar ist. Sie k\u00f6nnen jeden verf\u00fcgbaren Bonus aktivieren. Die Allgemeinen Gesch\u00e4ftsbedingungen bleiben unver\u00e4ndert.<\/p>\n<h3>Sind meine Daten in der mobilen Anwendung sicher?<\/h3>\n<p>Ja, unsere Webanwendung l\u00e4uft \u00fcber einen Browser und nutzt daher alle Sicherheitsma\u00dfnahmen der Plattform. Das Gamblerina Casino verwendet moderne Verschl\u00fcsselungs- und Sicherheitssysteme, um alle pers\u00f6nlichen und finanziellen Daten zu sch\u00fctzen. Die Plattform h\u00e4lt strenge Sicherheitsstandards f\u00fcr ein sicheres Spiel ein.<\/p>\n<\/div><\/div><\/p>\n","protected":false},"excerpt":{"rendered":"<p>Gamble Rina Mobile-Plattform Die Gamblerina App bietet Nutzern vollen Zugriff auf die Plattform. Sie l\u00e4uft reibungslos sowohl auf Android als auch auf iOS, und Sie m\u00fcssen nichts zus\u00e4tzlich herunterladen. Alle Spiele und Konto-Tools befinden sich an einem Ort. Sie k\u00f6nnen die App in nur wenigen Schritten installieren und jederzeit mit dem Spielen beginnen. Das Layout [&hellip;]<\/p>\n","protected":false},"author":35,"featured_media":0,"parent":0,"menu_order":0,"comment_status":"closed","ping_status":"closed","template":"template-builder.php","meta":{"_acf_changed":false,"inline_featured_image":false,"footnotes":""},"class_list":["post-1716","page","type-page","status-publish","hentry"],"acf":[],"yoast_head":"<!-- This site is optimized with the Yoast SEO plugin v27.3 - https:\/\/yoast.com\/product\/yoast-seo-wordpress\/ -->\n<title>Gamblerina-App \u2013 F\u00fcr iOS und Android herunterladen<\/title>\n<meta name=\"description\" content=\"Installiere die Gamblerina-App auf iOS, Android, Windows und macOS, um das komplette Casino-Angebot \u00fcberall zu nutzen. Kontosynchronisierung, regelm\u00e4\u00dfige Updates und In-App-Support sind inklusive \u2013 alles in der Gamblerina-App.\" \/>\n<meta name=\"robots\" content=\"index, follow, max-snippet:-1, max-image-preview:large, max-video-preview:-1\" \/>\n<link rel=\"canonical\" href=\"https:\/\/gamble-rina.org\/de\/app\/\" \/>\n<meta property=\"og:locale\" content=\"de_DE\" \/>\n<meta property=\"og:type\" content=\"article\" \/>\n<meta property=\"og:title\" content=\"Gamblerina-App \u2013 F\u00fcr iOS und Android herunterladen\" \/>\n<meta property=\"og:description\" content=\"Installiere die Gamblerina-App auf iOS, Android, Windows und macOS, um das komplette Casino-Angebot \u00fcberall zu nutzen. Kontosynchronisierung, regelm\u00e4\u00dfige Updates und In-App-Support sind inklusive \u2013 alles in der Gamblerina-App.\" \/>\n<meta property=\"og:url\" content=\"https:\/\/gamble-rina.org\/de\/app\/\" \/>\n<meta property=\"og:site_name\" content=\"Gamblerina\" \/>\n<meta property=\"article:modified_time\" content=\"2026-05-13T13:51:59+00:00\" \/>\n<meta name=\"twitter:card\" content=\"summary_large_image\" \/>\n<meta name=\"twitter:label1\" content=\"Gesch\u00e4tzte Lesezeit\" \/>\n\t<meta name=\"twitter:data1\" content=\"1\u00a0Minute\" \/>\n<script type=\"application\/ld+json\" class=\"yoast-schema-graph\">{\"@context\":\"https:\\\/\\\/schema.org\",\"@graph\":[{\"@type\":\"WebPage\",\"@id\":\"https:\\\/\\\/gamble-rina.org\\\/de\\\/app\\\/\",\"url\":\"https:\\\/\\\/gamble-rina.org\\\/de\\\/app\\\/\",\"name\":\"Gamblerina-App \u2013 F\u00fcr iOS und Android herunterladen\",\"isPartOf\":{\"@id\":\"https:\\\/\\\/gamble-rina.org\\\/de\\\/#website\"},\"datePublished\":\"2026-05-13T12:29:02+00:00\",\"dateModified\":\"2026-05-13T13:51:59+00:00\",\"description\":\"Installiere die Gamblerina-App auf iOS, Android, Windows und macOS, um das komplette Casino-Angebot \u00fcberall zu nutzen. Kontosynchronisierung, regelm\u00e4\u00dfige Updates und In-App-Support sind inklusive \u2013 alles in der Gamblerina-App.\",\"breadcrumb\":{\"@id\":\"https:\\\/\\\/gamble-rina.org\\\/de\\\/app\\\/#breadcrumb\"},\"inLanguage\":\"de\",\"potentialAction\":[{\"@type\":\"ReadAction\",\"target\":[\"https:\\\/\\\/gamble-rina.org\\\/de\\\/app\\\/\"]}]},{\"@type\":\"BreadcrumbList\",\"@id\":\"https:\\\/\\\/gamble-rina.org\\\/de\\\/app\\\/#breadcrumb\",\"itemListElement\":[{\"@type\":\"ListItem\",\"position\":1,\"name\":\"Gamblerina\",\"item\":\"https:\\\/\\\/gamble-rina.org\\\/de\\\/\"},{\"@type\":\"ListItem\",\"position\":2,\"name\":\"App\"}]},{\"@type\":\"WebSite\",\"@id\":\"https:\\\/\\\/gamble-rina.org\\\/de\\\/#website\",\"url\":\"https:\\\/\\\/gamble-rina.org\\\/de\\\/\",\"name\":\"Gamblerina\",\"description\":\"\",\"publisher\":{\"@id\":\"https:\\\/\\\/gamble-rina.org\\\/de\\\/#organization\"},\"potentialAction\":[{\"@type\":\"SearchAction\",\"target\":{\"@type\":\"EntryPoint\",\"urlTemplate\":\"https:\\\/\\\/gamble-rina.org\\\/de\\\/?s={search_term_string}\"},\"query-input\":{\"@type\":\"PropertyValueSpecification\",\"valueRequired\":true,\"valueName\":\"search_term_string\"}}],\"inLanguage\":\"de\"},{\"@type\":\"Organization\",\"@id\":\"https:\\\/\\\/gamble-rina.org\\\/de\\\/#organization\",\"name\":\"Gamblerina\",\"url\":\"https:\\\/\\\/gamble-rina.org\\\/de\\\/\",\"logo\":{\"@type\":\"ImageObject\",\"inLanguage\":\"de\",\"@id\":\"https:\\\/\\\/gamble-rina.org\\\/de\\\/#\\\/schema\\\/logo\\\/image\\\/\",\"url\":\"https:\\\/\\\/gamble-rina.org\\\/wp-content\\\/uploads\\\/2026\\\/05\\\/Gamblerina-logo.png\",\"contentUrl\":\"https:\\\/\\\/gamble-rina.org\\\/wp-content\\\/uploads\\\/2026\\\/05\\\/Gamblerina-logo.png\",\"width\":196,\"height\":40,\"caption\":\"Gamblerina\"},\"image\":{\"@id\":\"https:\\\/\\\/gamble-rina.org\\\/de\\\/#\\\/schema\\\/logo\\\/image\\\/\"}}]}<\/script>\n<!-- \/ Yoast SEO plugin. -->","yoast_head_json":{"title":"Gamblerina-App \u2013 F\u00fcr iOS und Android herunterladen","description":"Installiere die Gamblerina-App auf iOS, Android, Windows und macOS, um das komplette Casino-Angebot \u00fcberall zu nutzen. Kontosynchronisierung, regelm\u00e4\u00dfige Updates und In-App-Support sind inklusive \u2013 alles in der Gamblerina-App.","robots":{"index":"index","follow":"follow","max-snippet":"max-snippet:-1","max-image-preview":"max-image-preview:large","max-video-preview":"max-video-preview:-1"},"canonical":"https:\/\/gamble-rina.org\/de\/app\/","og_locale":"de_DE","og_type":"article","og_title":"Gamblerina-App \u2013 F\u00fcr iOS und Android herunterladen","og_description":"Installiere die Gamblerina-App auf iOS, Android, Windows und macOS, um das komplette Casino-Angebot \u00fcberall zu nutzen. Kontosynchronisierung, regelm\u00e4\u00dfige Updates und In-App-Support sind inklusive \u2013 alles in der Gamblerina-App.","og_url":"https:\/\/gamble-rina.org\/de\/app\/","og_site_name":"Gamblerina","article_modified_time":"2026-05-13T13:51:59+00:00","twitter_card":"summary_large_image","twitter_misc":{"Gesch\u00e4tzte Lesezeit":"1\u00a0Minute"},"schema":{"@context":"https:\/\/schema.org","@graph":[{"@type":"WebPage","@id":"https:\/\/gamble-rina.org\/de\/app\/","url":"https:\/\/gamble-rina.org\/de\/app\/","name":"Gamblerina-App \u2013 F\u00fcr iOS und Android herunterladen","isPartOf":{"@id":"https:\/\/gamble-rina.org\/de\/#website"},"datePublished":"2026-05-13T12:29:02+00:00","dateModified":"2026-05-13T13:51:59+00:00","description":"Installiere die Gamblerina-App auf iOS, Android, Windows und macOS, um das komplette Casino-Angebot \u00fcberall zu nutzen. Kontosynchronisierung, regelm\u00e4\u00dfige Updates und In-App-Support sind inklusive \u2013 alles in der Gamblerina-App.","breadcrumb":{"@id":"https:\/\/gamble-rina.org\/de\/app\/#breadcrumb"},"inLanguage":"de","potentialAction":[{"@type":"ReadAction","target":["https:\/\/gamble-rina.org\/de\/app\/"]}]},{"@type":"BreadcrumbList","@id":"https:\/\/gamble-rina.org\/de\/app\/#breadcrumb","itemListElement":[{"@type":"ListItem","position":1,"name":"Gamblerina","item":"https:\/\/gamble-rina.org\/de\/"},{"@type":"ListItem","position":2,"name":"App"}]},{"@type":"WebSite","@id":"https:\/\/gamble-rina.org\/de\/#website","url":"https:\/\/gamble-rina.org\/de\/","name":"Gamblerina","description":"","publisher":{"@id":"https:\/\/gamble-rina.org\/de\/#organization"},"potentialAction":[{"@type":"SearchAction","target":{"@type":"EntryPoint","urlTemplate":"https:\/\/gamble-rina.org\/de\/?s={search_term_string}"},"query-input":{"@type":"PropertyValueSpecification","valueRequired":true,"valueName":"search_term_string"}}],"inLanguage":"de"},{"@type":"Organization","@id":"https:\/\/gamble-rina.org\/de\/#organization","name":"Gamblerina","url":"https:\/\/gamble-rina.org\/de\/","logo":{"@type":"ImageObject","inLanguage":"de","@id":"https:\/\/gamble-rina.org\/de\/#\/schema\/logo\/image\/","url":"https:\/\/gamble-rina.org\/wp-content\/uploads\/2026\/05\/Gamblerina-logo.png","contentUrl":"https:\/\/gamble-rina.org\/wp-content\/uploads\/2026\/05\/Gamblerina-logo.png","width":196,"height":40,"caption":"Gamblerina"},"image":{"@id":"https:\/\/gamble-rina.org\/de\/#\/schema\/logo\/image\/"}}]}},"_links":{"self":[{"href":"https:\/\/gamble-rina.org\/de\/wp-json\/wp\/v2\/pages\/1716","targetHints":{"allow":["GET"]}}],"collection":[{"href":"https:\/\/gamble-rina.org\/de\/wp-json\/wp\/v2\/pages"}],"about":[{"href":"https:\/\/gamble-rina.org\/de\/wp-json\/wp\/v2\/types\/page"}],"author":[{"embeddable":true,"href":"https:\/\/gamble-rina.org\/de\/wp-json\/wp\/v2\/users\/35"}],"replies":[{"embeddable":true,"href":"https:\/\/gamble-rina.org\/de\/wp-json\/wp\/v2\/comments?post=1716"}],"version-history":[{"count":2,"href":"https:\/\/gamble-rina.org\/de\/wp-json\/wp\/v2\/pages\/1716\/revisions"}],"predecessor-version":[{"id":1881,"href":"https:\/\/gamble-rina.org\/de\/wp-json\/wp\/v2\/pages\/1716\/revisions\/1881"}],"wp:attachment":[{"href":"https:\/\/gamble-rina.org\/de\/wp-json\/wp\/v2\/media?parent=1716"}],"curies":[{"name":"wp","href":"https:\/\/api.w.org\/{rel}","templated":true}]}}