{"id":1754,"date":"2026-05-13T13:32:42","date_gmt":"2026-05-13T12:32:42","guid":{"rendered":"https:\/\/gamble-rina.org\/login-and-registration\/"},"modified":"2026-05-13T14:54:43","modified_gmt":"2026-05-13T13:54:43","slug":"anmeldung-und-registrierung","status":"publish","type":"page","link":"https:\/\/gamble-rina.org\/de\/anmeldung-und-registrierung\/","title":{"rendered":"Anmeldung und Registrierung"},"content":{"rendered":"<h1>Anmeldung und Registrierung bei Gamblerina<\/h1>\n<p>Nutzer \u00fcber 18 Jahre k\u00f6nnen den Gamblerina Login durchlaufen. Das Autorisierungssystem funktioniert sowohl in Browsern als auch in der mobilen App. Sie k\u00f6nnen sich jederzeit von jedem Ger\u00e4t aus in Ihr Konto einloggen. Das System sch\u00fctzt Ihre Daten und sorgt f\u00fcr eine stabile Sitzung. Sobald Sie sich angemeldet haben, k\u00f6nnen Sie Ihr Profil uneingeschr\u00e4nkt verwalten.<\/p>\n<p><div class=\"banner-wrap\" aria-label=\"Banner\"><img src=\"https:\/\/gamble-rina.org\/wp-content\/uploads\/2026\/05\/Gamblerina-banner-carousel-800\u0445400.webp\" class=\"w-100 d-none d-lg-block img-pc main-banner-img\" alt=\"Gamblerina banner desktop\" fetchpriority=\"high\" decoding=\"async\"><img src=\"https:\/\/gamble-rina.org\/wp-content\/uploads\/2026\/05\/gamblerina-banner-mobile.webp\" class=\"w-100 d-none d-md-block d-lg-none main-banner-img\" alt=\"Gamblerina banner mobile\" fetchpriority=\"high\" decoding=\"async\"><img src=\"https:\/\/gamble-rina.org\/wp-content\/uploads\/2026\/05\/gamblerina-banner-mobile.webp\" class=\"w-100 d-md-none\" alt=\"Gamblerina banner mobile\" fetchpriority=\"high\" decoding=\"async\"><div class=\"banner-description\">\n<div class=\"banner-title\">Willkommensboni<\/div>\n<p class=\"banner-header-title\">\u20ac1,500<\/p>\n<div class=\"banner-header-AdditionalText\">+ 250 Freispiele<\/div>\n<button data-item=\"homepage_banner_link\" class=\"goto m-button m-gradient-border m-button--primary m-button--large banner-button btn-orange\">\n            <div class=\"m-button-content\">\n                <span>Jetzt anmelden<\/span>\n                <span><\/span>\n            <\/div>\n        <\/button>\n<\/div>\n<div class=\"WelcomePack\">\n<p><img loading=\"lazy\" decoding=\"async\" class=\"alignnone size-full wp-image-1515\" src=\"https:\/\/gamble-rina.org\/wp-content\/uploads\/2026\/05\/welcome-crown.png\" alt=\"crown\" width=\"25\" height=\"26\" \/><\/p>\n<div class=\"WelcomePack-Info\">W\u00f6chentlicher Cashback von bis zu 25 %<\/div>\n<p><img loading=\"lazy\" decoding=\"async\" class=\"alignnone size-full wp-image-1515\" src=\"https:\/\/gamble-rina.org\/wp-content\/uploads\/2026\/05\/welcome-crown.png\" alt=\"crown\" width=\"25\" height=\"26\" \/><\/p>\n<\/div>\n<\/div><div class=\"scrollable-content-wrap my-5\"><div class=\"scrollable-content-inner\"><h2>Erste Schritte bei Gamblerina<\/h2>\n<p>Bevor Sie den Gamblerina Login nutzen k\u00f6nnen, m\u00fcssen Sie ein Konto erstellen. Die Registrierung ist einfach und dauert nur wenige Minuten. Danach k\u00f6nnen Sie die gesamte Plattform nutzen.<\/p>\n<p>Wenn Sie sich registrieren, erhalten Sie Zugang zu:<\/p>\n<ul>\n<li>Vollst\u00e4ndige Spielbibliothek (\u00fcber 6.000 Titel)<\/li>\n<li>Aktionen und Boni<\/li>\n<li>Ein- und Auszahlungen<\/li>\n<li>Einstellungen f\u00fcr Ihr pers\u00f6nliches Profil<\/li>\n<li>Tools f\u00fcr verantwortungsbewusstes Spielen<\/li>\n<\/ul>\n<h3>So registrieren Sie sich<\/h3>\n<ol>\n<li>Zun\u00e4chst m\u00fcssen Sie lediglich auf der Startseite auf die Schaltfl\u00e4che \u201eRegistrieren\u201c klicken.<\/li>\n<li>Anschlie\u00dfend geben Sie Ihre E-Mail-Adresse ein und erstellen ein Passwort.<\/li>\n<li>Anschlie\u00dfend m\u00fcssen Sie best\u00e4tigen, dass Sie mindestens 18 Jahre alt sind, und die Nutzungsbedingungen akzeptieren.<\/li>\n<li>Und noch eine letzte Sache: Klicken Sie einfach auf den Aktivierungslink, den wir Ihnen per E-Mail geschickt haben, und schon ist Ihr Konto einsatzbereit.<\/li>\n<\/ol>\n<p>Sobald dieser Vorgang abgeschlossen ist, ist Ihr Konto aktiv und einsatzbereit.<\/p>\n<h2>Anmeldeprozess bei Gamblerina<\/h2>\n<p>Der Anmeldevorgang bei Gamblerina ist noch einfacher als die Registrierung. Sie ben\u00f6tigen lediglich Ihre Zugangsdaten, um auf Ihr Konto zuzugreifen. Um sich anzumelden, klicken Sie zun\u00e4chst auf die Schaltfl\u00e4che \u201eAnmelden\u201c. Geben Sie dann Ihre registrierte E-Mail-Adresse und Ihr Passwort ein, best\u00e4tigen Sie die Eingabe und greifen Sie auf Ihr Konto zu.<\/p>\n<p>Nach der Anmeldung werden Sie zu Ihrem Dashboard weitergeleitet. Dies ist Ihre zentrale Steuerungszentrale, in der alle Funktionen des Gamblerina Casinos verf\u00fcgbar sind.<\/p>\n<p><img loading=\"lazy\" decoding=\"async\" src=\"https:\/\/gamble-rina.org\/wp-content\/uploads\/2026\/05\/Gamblerina-Login.webp\" alt=\"Gamblerina Login\" width=\"1248\" height=\"536\" \/><\/p>\n<h2>Was Sie nach dem Einloggen tun k\u00f6nnen<\/h2>\n<p>\u00dcber Ihr Konto haben Sie im Grunde die volle Kontrolle \u00fcber Ihr gesamtes Spielerlebnis. Alle Tools und Funktionen befinden sich an einem Ort, sodass Sie nicht lange nach etwas suchen m\u00fcssen.<\/p>\n<table>\n<tbody>\n<tr>\n<td>Funktion<\/td>\n<td>Beschreibung<\/td>\n<\/tr>\n<tr>\n<td>Spielbibliothek<\/td>\n<td>Greifen Sie auf alle Online-Slots, Tischspiele, das Live-Casino und Sofortspiele zu<\/td>\n<\/tr>\n<tr>\n<td>Turniere<\/td>\n<td>Nehmen Sie an allen verf\u00fcgbaren Veranstaltungen teil<\/td>\n<\/tr>\n<tr>\n<td>Spielverlauf<\/td>\n<td>\u00dcberpr\u00fcfen Sie vergangene Sitzungen, Gewinne und Aktivit\u00e4ten<\/td>\n<\/tr>\n<tr>\n<td>Profileinstellungen<\/td>\n<td>Aktualisieren Sie Ihre pers\u00f6nlichen Daten und Einstellungen<\/td>\n<\/tr>\n<tr>\n<td>Verantwortungsbewusstes Spielen<\/td>\n<td>Legen Sie Limits fest und kontrollieren Sie Ihre Aktivit\u00e4ten<\/td>\n<\/tr>\n<tr>\n<td>Kundendienst<\/td>\n<td>Kontaktieren Sie das mehrsprachige Support-Team per Live-Chat oder E-Mail<\/td>\n<\/tr>\n<\/tbody>\n<\/table>\n<h2>Anmeldung \u00fcber Mobilger\u00e4te und Desktop<\/h2>\n<p>Sie k\u00f6nnen sich auf jedem Ger\u00e4t bei Gamblerina anmelden. Das System funktioniert auf Mobilger\u00e4ten, Tablets und Desktops gleicherma\u00dfen.<\/p>\n<p>Auf Mobilger\u00e4ten k\u00f6nnen Sie sich entweder \u00fcber Ihren Browser anmelden oder die installierte Gamble Rina Casino-Web-App nutzen \u2013 in beiden F\u00e4llen funktioniert die Benutzeroberfl\u00e4che gut mit Touch-Bedienung und erm\u00f6glicht eine z\u00fcgige Navigation. Auf einem Desktop-Computer erhalten Sie ein breiteres Layout und etwas mehr Details. Alles bleibt synchronisiert, sodass ein Ger\u00e4tewechsel nicht bedeutet, dass Sie den Punkt verlieren, an dem Sie aufgeh\u00f6rt haben.<\/p>\n<h3>Passwortwiederherstellung<\/h3>\n<p>Sollten Sie Ihr Passwort vergessen haben, k\u00f6nnen Sie sich schnell wieder anmelden. Das System verf\u00fcgt \u00fcber eine sichere Option zum Zur\u00fccksetzen des Passworts. Um Ihr Passwort zur\u00fcckzusetzen, \u00f6ffnen Sie einfach die Anmeldeseite von Gamblerina und klicken Sie auf \u201ePasswort vergessen?\u201c. Anschlie\u00dfend m\u00fcssen Sie die E-Mail-Adresse eingeben, mit der Sie sich registriert haben. Wir senden Ihnen einen Link zum Zur\u00fccksetzen an Ihre E-Mail-Adresse \u2013 folgen Sie diesem, erstellen Sie ein neues Passwort, und schon sind Sie fertig. Danach k\u00f6nnen Sie sich problemlos wieder anmelden. Sollten Sie beim Zur\u00fccksetzen Ihres Passworts Probleme haben oder auf andere Schwierigkeiten sto\u00dfen, wenden Sie sich einfach an den Support; wir sind rund um die Uhr f\u00fcr Sie da.<\/p>\n<p>H\u00e4ufige Probleme beim Einloggen und deren Behebung<\/p>\n<p>Die meisten Probleme beim Einloggen lassen sich leicht beheben. Hier sind die h\u00e4ufigsten Situationen und was Sie tun k\u00f6nnen:<\/p>\n<ul>\n<li>Wenn Sie die falsche E-Mail-Adresse oder das falsche Passwort eingeben, \u00fcberpr\u00fcfen Sie diese bitte noch einmal und versuchen Sie es erneut.<\/li>\n<li>Wenn die Seite nicht geladen wird, versuchen Sie, die Seite zu aktualisieren oder Ihren Browser neu zu starten.<\/li>\n<li>Wenn alles langsam l\u00e4uft, leeren Sie den Cache Ihres Browsers.<\/li>\n<li>Wenn der Zugriff blockiert zu sein scheint, deaktivieren Sie Ihr VPN und versuchen Sie es erneut.<\/li>\n<li>Sollte nichts funktionieren, steht Ihnen unser Support-Team jederzeit zur Verf\u00fcgung.<\/li>\n<\/ul>\n<h2>Kontosicherheit und -schutz<\/h2>\n<p>Gamblerina Casino nutzt moderne Systeme, um Ihre pers\u00f6nlichen Daten zu sch\u00fctzen. Alle Daten werden verschl\u00fcsselt und in Echtzeit \u00fcberwacht. Dies verhindert unbefugten Zugriff und Betrug. Wir verwenden verschl\u00fcsselte Verbindungen (TLS-Technologie), um alle Daten auf der Plattform zu sch\u00fctzen. Au\u00dferdem \u00fcberwachen wir die Aktivit\u00e4ten st\u00e4ndig, f\u00fcr den Fall, dass etwas ungew\u00f6hnlich erscheint. Das Sicherheitssystem von Gamble Rina ist robust, und Sie k\u00f6nnen Ihrem Profil auf Wunsch eine Zwei-Faktor-Authentifizierung hinzuf\u00fcgen. Au\u00dferdem m\u00fcssen Sie Ihr Konto verifizieren, bevor Sie Auszahlungen vornehmen k\u00f6nnen.<\/p>\n<h3>Sitzungsverwaltung und -kontrolle<\/h3>\n<p>Sie k\u00f6nnen Ihre Gamble Rina-Sitzungen direkt \u00fcber Ihr Konto verwalten, was Ihnen hilft, die Kontrolle zu behalten und Ihr Profil sicherer zu machen. Unter \u201eAktive Sitzungen\u201c k\u00f6nnen Sie sehen, wo Ihr Konto derzeit angemeldet ist. Wenn Sie m\u00f6chten, k\u00f6nnen Sie Sitzungen auf anderen Ger\u00e4ten \u00fcber die Abmeldeoption beenden. Au\u00dferdem k\u00f6nnen Sie Zeitlimits festlegen, um zu steuern, wie lange eine Sitzung dauert. Dar\u00fcber hinaus erhalten Sie Benachrichtigungen \u00fcber alle Kontoaktivit\u00e4ten. Mit diesen Tools behalten Sie den \u00dcberblick und haben die Kontrolle \u00fcber Ihr Gamblerina Casino-Konto.<\/p>\n<h2>FAQ<\/h2>\n<h3>Ben\u00f6tige ich ein Konto, um mich anzumelden?<\/h3>\n<p>Ja, nur registrierte Nutzer k\u00f6nnen Gamblerina Casino nutzen. Sie m\u00fcssen zun\u00e4chst ein Konto erstellen. Sie ben\u00f6tigen ein Konto, um unsere Spielbibliothek zu erkunden. Alle weiteren Funktionen der Plattform stehen Ihnen erst nach der Kontoerstellung zur Verf\u00fcgung.<\/p>\n<h3>Kann ich mich auf mehreren Ger\u00e4ten anmelden?<\/h3>\n<p>Ja, Sie k\u00f6nnen bei Gamblerina Casino verschiedene Ger\u00e4te verwenden. Ihre Daten und Ihr Spielfortschritt werden synchronisiert. Sie verlieren Ihr Guthaben nicht, da dieses ebenfalls auf allen Ger\u00e4ten synchronisiert wird. Sie k\u00f6nnen sich gleichzeitig auf Ihrem Computer und Ihren Mobilger\u00e4ten anmelden.<\/p>\n<h3>Ist vor der Anmeldung eine Verifizierung erforderlich?<\/h3>\n<p>Sie k\u00f6nnen sich bei Gamblerina anmelden und mit dem Spielen beginnen, ohne Ihr Konto zu verifizieren. Um Ihre Gewinne auszuzahlen, m\u00fcssen Sie jedoch den Verifizierungsprozess abschlie\u00dfen. Das bedeutet, dass Sie Ihre Identit\u00e4t durch das Hochladen pers\u00f6nlicher Dokumente best\u00e4tigen m\u00fcssen.<\/p>\n<\/div><\/div><\/p>\n","protected":false},"excerpt":{"rendered":"<p>Anmeldung und Registrierung bei Gamblerina Nutzer \u00fcber 18 Jahre k\u00f6nnen den Gamblerina Login durchlaufen. Das Autorisierungssystem funktioniert sowohl in Browsern als auch in der mobilen App. Sie k\u00f6nnen sich jederzeit von jedem Ger\u00e4t aus in Ihr Konto einloggen. Das System sch\u00fctzt Ihre Daten und sorgt f\u00fcr eine stabile Sitzung. Sobald Sie sich angemeldet haben, k\u00f6nnen [&hellip;]<\/p>\n","protected":false},"author":35,"featured_media":0,"parent":0,"menu_order":0,"comment_status":"closed","ping_status":"closed","template":"template-builder.php","meta":{"_acf_changed":false,"inline_featured_image":false,"footnotes":""},"class_list":["post-1754","page","type-page","status-publish","hentry"],"acf":[],"yoast_head":"<!-- This site is optimized with the Yoast SEO plugin v27.3 - https:\/\/yoast.com\/product\/yoast-seo-wordpress\/ -->\n<title>Gamblerina Casino \u2013 Login &amp; Registrieren<\/title>\n<meta name=\"description\" content=\"Melden Sie sich bei Gamblerina an oder erstellen Sie ein Konto. Erledigen Sie die Verifizierung, die Passwortwiederherstellung und die Kontoschlie\u00dfung schnell und sicher bei Gamblerina.\" \/>\n<meta name=\"robots\" content=\"index, follow, max-snippet:-1, max-image-preview:large, max-video-preview:-1\" \/>\n<link rel=\"canonical\" href=\"https:\/\/gamble-rina.org\/de\/anmeldung-und-registrierung\/\" \/>\n<meta property=\"og:locale\" content=\"de_DE\" \/>\n<meta property=\"og:type\" content=\"article\" \/>\n<meta property=\"og:title\" content=\"Gamblerina Casino \u2013 Login &amp; Registrieren\" \/>\n<meta property=\"og:description\" content=\"Melden Sie sich bei Gamblerina an oder erstellen Sie ein Konto. Erledigen Sie die Verifizierung, die Passwortwiederherstellung und die Kontoschlie\u00dfung schnell und sicher bei Gamblerina.\" \/>\n<meta property=\"og:url\" content=\"https:\/\/gamble-rina.org\/de\/anmeldung-und-registrierung\/\" \/>\n<meta property=\"og:site_name\" content=\"Gamblerina\" \/>\n<meta property=\"article:modified_time\" content=\"2026-05-13T13:54:43+00:00\" \/>\n<meta name=\"twitter:card\" content=\"summary_large_image\" \/>\n<meta name=\"twitter:label1\" content=\"Gesch\u00e4tzte Lesezeit\" \/>\n\t<meta name=\"twitter:data1\" content=\"1\u00a0Minute\" \/>\n<script type=\"application\/ld+json\" class=\"yoast-schema-graph\">{\"@context\":\"https:\\\/\\\/schema.org\",\"@graph\":[{\"@type\":\"WebPage\",\"@id\":\"https:\\\/\\\/gamble-rina.org\\\/de\\\/anmeldung-und-registrierung\\\/\",\"url\":\"https:\\\/\\\/gamble-rina.org\\\/de\\\/anmeldung-und-registrierung\\\/\",\"name\":\"Gamblerina Casino \u2013 Login & Registrieren\",\"isPartOf\":{\"@id\":\"https:\\\/\\\/gamble-rina.org\\\/de\\\/#website\"},\"datePublished\":\"2026-05-13T12:32:42+00:00\",\"dateModified\":\"2026-05-13T13:54:43+00:00\",\"description\":\"Melden Sie sich bei Gamblerina an oder erstellen Sie ein Konto. Erledigen Sie die Verifizierung, die Passwortwiederherstellung und die Kontoschlie\u00dfung schnell und sicher bei Gamblerina.\",\"breadcrumb\":{\"@id\":\"https:\\\/\\\/gamble-rina.org\\\/de\\\/anmeldung-und-registrierung\\\/#breadcrumb\"},\"inLanguage\":\"de\",\"potentialAction\":[{\"@type\":\"ReadAction\",\"target\":[\"https:\\\/\\\/gamble-rina.org\\\/de\\\/anmeldung-und-registrierung\\\/\"]}]},{\"@type\":\"BreadcrumbList\",\"@id\":\"https:\\\/\\\/gamble-rina.org\\\/de\\\/anmeldung-und-registrierung\\\/#breadcrumb\",\"itemListElement\":[{\"@type\":\"ListItem\",\"position\":1,\"name\":\"Gamblerina\",\"item\":\"https:\\\/\\\/gamble-rina.org\\\/de\\\/\"},{\"@type\":\"ListItem\",\"position\":2,\"name\":\"Anmeldung und Registrierung\"}]},{\"@type\":\"WebSite\",\"@id\":\"https:\\\/\\\/gamble-rina.org\\\/de\\\/#website\",\"url\":\"https:\\\/\\\/gamble-rina.org\\\/de\\\/\",\"name\":\"Gamblerina\",\"description\":\"\",\"publisher\":{\"@id\":\"https:\\\/\\\/gamble-rina.org\\\/de\\\/#organization\"},\"potentialAction\":[{\"@type\":\"SearchAction\",\"target\":{\"@type\":\"EntryPoint\",\"urlTemplate\":\"https:\\\/\\\/gamble-rina.org\\\/de\\\/?s={search_term_string}\"},\"query-input\":{\"@type\":\"PropertyValueSpecification\",\"valueRequired\":true,\"valueName\":\"search_term_string\"}}],\"inLanguage\":\"de\"},{\"@type\":\"Organization\",\"@id\":\"https:\\\/\\\/gamble-rina.org\\\/de\\\/#organization\",\"name\":\"Gamblerina\",\"url\":\"https:\\\/\\\/gamble-rina.org\\\/de\\\/\",\"logo\":{\"@type\":\"ImageObject\",\"inLanguage\":\"de\",\"@id\":\"https:\\\/\\\/gamble-rina.org\\\/de\\\/#\\\/schema\\\/logo\\\/image\\\/\",\"url\":\"https:\\\/\\\/gamble-rina.org\\\/wp-content\\\/uploads\\\/2026\\\/05\\\/Gamblerina-logo.png\",\"contentUrl\":\"https:\\\/\\\/gamble-rina.org\\\/wp-content\\\/uploads\\\/2026\\\/05\\\/Gamblerina-logo.png\",\"width\":196,\"height\":40,\"caption\":\"Gamblerina\"},\"image\":{\"@id\":\"https:\\\/\\\/gamble-rina.org\\\/de\\\/#\\\/schema\\\/logo\\\/image\\\/\"}}]}<\/script>\n<!-- \/ Yoast SEO plugin. -->","yoast_head_json":{"title":"Gamblerina Casino \u2013 Login & Registrieren","description":"Melden Sie sich bei Gamblerina an oder erstellen Sie ein Konto. Erledigen Sie die Verifizierung, die Passwortwiederherstellung und die Kontoschlie\u00dfung schnell und sicher bei Gamblerina.","robots":{"index":"index","follow":"follow","max-snippet":"max-snippet:-1","max-image-preview":"max-image-preview:large","max-video-preview":"max-video-preview:-1"},"canonical":"https:\/\/gamble-rina.org\/de\/anmeldung-und-registrierung\/","og_locale":"de_DE","og_type":"article","og_title":"Gamblerina Casino \u2013 Login & Registrieren","og_description":"Melden Sie sich bei Gamblerina an oder erstellen Sie ein Konto. Erledigen Sie die Verifizierung, die Passwortwiederherstellung und die Kontoschlie\u00dfung schnell und sicher bei Gamblerina.","og_url":"https:\/\/gamble-rina.org\/de\/anmeldung-und-registrierung\/","og_site_name":"Gamblerina","article_modified_time":"2026-05-13T13:54:43+00:00","twitter_card":"summary_large_image","twitter_misc":{"Gesch\u00e4tzte Lesezeit":"1\u00a0Minute"},"schema":{"@context":"https:\/\/schema.org","@graph":[{"@type":"WebPage","@id":"https:\/\/gamble-rina.org\/de\/anmeldung-und-registrierung\/","url":"https:\/\/gamble-rina.org\/de\/anmeldung-und-registrierung\/","name":"Gamblerina Casino \u2013 Login & Registrieren","isPartOf":{"@id":"https:\/\/gamble-rina.org\/de\/#website"},"datePublished":"2026-05-13T12:32:42+00:00","dateModified":"2026-05-13T13:54:43+00:00","description":"Melden Sie sich bei Gamblerina an oder erstellen Sie ein Konto. Erledigen Sie die Verifizierung, die Passwortwiederherstellung und die Kontoschlie\u00dfung schnell und sicher bei Gamblerina.","breadcrumb":{"@id":"https:\/\/gamble-rina.org\/de\/anmeldung-und-registrierung\/#breadcrumb"},"inLanguage":"de","potentialAction":[{"@type":"ReadAction","target":["https:\/\/gamble-rina.org\/de\/anmeldung-und-registrierung\/"]}]},{"@type":"BreadcrumbList","@id":"https:\/\/gamble-rina.org\/de\/anmeldung-und-registrierung\/#breadcrumb","itemListElement":[{"@type":"ListItem","position":1,"name":"Gamblerina","item":"https:\/\/gamble-rina.org\/de\/"},{"@type":"ListItem","position":2,"name":"Anmeldung und Registrierung"}]},{"@type":"WebSite","@id":"https:\/\/gamble-rina.org\/de\/#website","url":"https:\/\/gamble-rina.org\/de\/","name":"Gamblerina","description":"","publisher":{"@id":"https:\/\/gamble-rina.org\/de\/#organization"},"potentialAction":[{"@type":"SearchAction","target":{"@type":"EntryPoint","urlTemplate":"https:\/\/gamble-rina.org\/de\/?s={search_term_string}"},"query-input":{"@type":"PropertyValueSpecification","valueRequired":true,"valueName":"search_term_string"}}],"inLanguage":"de"},{"@type":"Organization","@id":"https:\/\/gamble-rina.org\/de\/#organization","name":"Gamblerina","url":"https:\/\/gamble-rina.org\/de\/","logo":{"@type":"ImageObject","inLanguage":"de","@id":"https:\/\/gamble-rina.org\/de\/#\/schema\/logo\/image\/","url":"https:\/\/gamble-rina.org\/wp-content\/uploads\/2026\/05\/Gamblerina-logo.png","contentUrl":"https:\/\/gamble-rina.org\/wp-content\/uploads\/2026\/05\/Gamblerina-logo.png","width":196,"height":40,"caption":"Gamblerina"},"image":{"@id":"https:\/\/gamble-rina.org\/de\/#\/schema\/logo\/image\/"}}]}},"_links":{"self":[{"href":"https:\/\/gamble-rina.org\/de\/wp-json\/wp\/v2\/pages\/1754","targetHints":{"allow":["GET"]}}],"collection":[{"href":"https:\/\/gamble-rina.org\/de\/wp-json\/wp\/v2\/pages"}],"about":[{"href":"https:\/\/gamble-rina.org\/de\/wp-json\/wp\/v2\/types\/page"}],"author":[{"embeddable":true,"href":"https:\/\/gamble-rina.org\/de\/wp-json\/wp\/v2\/users\/35"}],"replies":[{"embeddable":true,"href":"https:\/\/gamble-rina.org\/de\/wp-json\/wp\/v2\/comments?post=1754"}],"version-history":[{"count":2,"href":"https:\/\/gamble-rina.org\/de\/wp-json\/wp\/v2\/pages\/1754\/revisions"}],"predecessor-version":[{"id":1883,"href":"https:\/\/gamble-rina.org\/de\/wp-json\/wp\/v2\/pages\/1754\/revisions\/1883"}],"wp:attachment":[{"href":"https:\/\/gamble-rina.org\/de\/wp-json\/wp\/v2\/media?parent=1754"}],"curies":[{"name":"wp","href":"https:\/\/api.w.org\/{rel}","templated":true}]}}