{"id":1715,"date":"2026-05-13T13:29:02","date_gmt":"2026-05-13T12:29:02","guid":{"rendered":"https:\/\/gamble-rina.org\/app\/"},"modified":"2026-05-13T14:32:44","modified_gmt":"2026-05-13T13:32:44","slug":"app","status":"publish","type":"page","link":"https:\/\/gamble-rina.org\/fr\/app\/","title":{"rendered":"App"},"content":{"rendered":"<h1>Plateforme mobile Gamblerina<\/h1>\n<p>Gamblerina app offre aux utilisateurs un acc\u00e8s complet \u00e0 la plateforme. Elle fonctionne parfaitement sur Android et iOS, et vous n&rsquo;avez rien d&rsquo;autre \u00e0 t\u00e9l\u00e9charger. Tous les jeux et outils de gestion de compte sont regroup\u00e9s au m\u00eame endroit. Vous pouvez installer l&rsquo;application en quelques \u00e9tapes seulement et commencer \u00e0 jouer \u00e0 tout moment. La mise en page est \u00e9pur\u00e9e et s&rsquo;adapte automatiquement \u00e0 l&rsquo;\u00e9cran que vous utilisez, ce qui vous permet de jouer facilement o\u00f9 que vous soyez.<\/p>\n<p><div class=\"banner-wrap\" aria-label=\"Banner\"><img src=\"https:\/\/gamble-rina.org\/wp-content\/uploads\/2026\/05\/Gamblerina-banner-carousel-800\u0445400.webp\" class=\"w-100 d-none d-lg-block img-pc main-banner-img\" alt=\"Gamblerina banner desktop\" fetchpriority=\"high\" decoding=\"async\"><img src=\"https:\/\/gamble-rina.org\/wp-content\/uploads\/2026\/05\/gamblerina-banner-mobile.webp\" class=\"w-100 d-none d-md-block d-lg-none main-banner-img\" alt=\"Gamblerina banner mobile\" fetchpriority=\"high\" decoding=\"async\"><img src=\"https:\/\/gamble-rina.org\/wp-content\/uploads\/2026\/05\/gamblerina-banner-mobile.webp\" class=\"w-100 d-md-none\" alt=\"Gamblerina banner mobile\" fetchpriority=\"high\" decoding=\"async\"><div class=\"banner-description\">\n<div class=\"banner-title\">Bonus de bienvenue<\/div>\n<p class=\"banner-header-title\">\u20ac1,500<\/p>\n<div class=\"banner-header-AdditionalText\">+ 250 Tours gratuits<\/div>\n<button data-item=\"homepage_banner_link\" class=\"goto m-button m-gradient-border m-button--primary m-button--large banner-button btn-orange\">\n            <div class=\"m-button-content\">\n                <span>Inscrivez-vous d\u00e8s maintenant<\/span>\n                <span><\/span>\n            <\/div>\n        <\/button>\n<\/div>\n<div class=\"WelcomePack\">\n<p><img loading=\"lazy\" decoding=\"async\" class=\"alignnone size-full wp-image-1515\" src=\"https:\/\/gamble-rina.org\/wp-content\/uploads\/2026\/05\/welcome-crown.png\" alt=\"crown\" width=\"25\" height=\"26\" \/><\/p>\n<div class=\"WelcomePack-Info\">Cashback hebdomadaire jusqu&rsquo;\u00e0 25 %<\/div>\n<p><img loading=\"lazy\" decoding=\"async\" class=\"alignnone size-full wp-image-1515\" src=\"https:\/\/gamble-rina.org\/wp-content\/uploads\/2026\/05\/welcome-crown.png\" alt=\"crown\" width=\"25\" height=\"26\" \/><\/p>\n<\/div>\n<\/div><div class=\"scrollable-content-wrap my-5\"><div class=\"scrollable-content-inner\"><h2>Exp\u00e9rience iOS : jouez sur iPhone et iPad<\/h2>\n<p>Notre logiciel mobile fonctionne sur n&rsquo;importe quel appareil iOS. L&rsquo;application Gamblerina s&rsquo;utilise directement via le navigateur Safari sous forme de raccourci d&rsquo;acc\u00e8s rapide. Il n&rsquo;est pas n\u00e9cessaire de se rendre sur l&rsquo;App Store ni d&rsquo;installer des fichiers volumineux. La plateforme se charge rapidement et offre des performances stables sur tous les appareils iOS.<\/p>\n<p>La fonctionnalit\u00e9 cl\u00e9 de l&rsquo;application Gamblerina r\u00e9side dans les notifications. Vous recevrez des mises \u00e0 jour sur les bonus, les tournois, les nouveaux jeux \u2014 tout ce que vous ne voulez pas manquer. La petite ic\u00f4ne de l&rsquo;application figure sur votre \u00e9cran d&rsquo;accueil ; il suffit donc d&rsquo;un simple clic pour ouvrir le casino mobile et vous retrouver dans le jeu sans aucun d\u00e9lai. Notre application utilise un cryptage s\u00e9curis\u00e9 et des syst\u00e8mes de protection v\u00e9rifi\u00e9s pour garantir la s\u00e9curit\u00e9 de toutes les donn\u00e9es et transactions.<\/p>\n<h3>Comment l&rsquo;installer sur iOS<\/h3>\n<ol>\n<li>Pour commencer, ouvrez le site web de Gamble Rina Casino dans Safari.<\/li>\n<li>Vous devez ensuite appuyer sur l&rsquo;ic\u00f4ne \u00ab Partager \u00bb et s\u00e9lectionner \u00ab Ajouter \u00e0 l&rsquo;\u00e9cran d&rsquo;accueil \u00bb.<\/li>\n<li>Enfin, vous devez confirmer en appuyant sur \u00ab Ajouter \u00bb.<\/li>\n<\/ol>\n<p><img loading=\"lazy\" decoding=\"async\" src=\"https:\/\/gamble-rina.org\/wp-content\/uploads\/2026\/05\/Gamblerina-iOS-App.webp\" alt=\"Gamblerina iOS App\" width=\"1248\" height=\"536\" \/><\/p>\n<\/div><\/div><div style=\"clear: both\"><\/div><div class=\"d-flex justify-content-center\"><button data-item=\"decouvrez_link\" data-group=\"website_links\" class=\"goto fw-bold rounded-pill btn btn-orange\" aria-label=\"T\u00e9l\u00e9chargez l&#039;application Gamblerina\" >T\u00e9l\u00e9chargez l&#039;application Gamblerina<\/button><\/div><div class=\"scrollable-content-wrap my-5\"><div class=\"scrollable-content-inner\"><h2>Acc\u00e8s depuis un ordinateur pour Windows et macOS<\/h2>\n<p>Nous prenons \u00e9galement en charge l&rsquo;acc\u00e8s depuis un ordinateur via une solution bas\u00e9e sur un navigateur. Vous pouvez utiliser le logiciel mobile du casino Gamblerina sur Windows et macOS sans t\u00e9l\u00e9charger de fichiers suppl\u00e9mentaires. La plateforme peut \u00eatre enregistr\u00e9e sous forme de raccourci sur le bureau, qui fonctionne comme une application et permet un acc\u00e8s en un clic.<\/p>\n<p>La version de bureau de Gamblerina Casino est optimis\u00e9e pour les grands \u00e9crans. Elle offre une navigation claire et des graphismes de haute qualit\u00e9. Vous b\u00e9n\u00e9ficiez de toutes les fonctionnalit\u00e9s : jeux, paiements, processus de v\u00e9rification, param\u00e8tres du compte. C&rsquo;est un excellent choix si vous appr\u00e9ciez disposer de plus d&rsquo;espace \u00e0 l&rsquo;\u00e9cran et que vous ne voyez pas d&rsquo;inconv\u00e9nient \u00e0 un peu plus de d\u00e9tails. Vous pouvez cr\u00e9er un raccourci de bureau vers Gamblerina : cela transforme le site en une petite application web \u00e0 part enti\u00e8re. Un clic et vous y \u00eates. Plus besoin de fouiller dans vos favoris ou de saisir des URL.<\/p>\n<p><img loading=\"lazy\" decoding=\"async\" src=\"https:\/\/gamble-rina.org\/wp-content\/uploads\/2026\/05\/Gamblerina-Desktop.webp\" alt=\"Gamblerina Desktop\" width=\"1248\" height=\"536\" \/><\/p>\n<\/div><\/div><div style=\"clear: both\"><\/div><div class=\"d-flex justify-content-center\"><button data-item=\"decouvrez_link\" data-group=\"website_links\" class=\"goto fw-bold rounded-pill btn btn-orange\" aria-label=\"T\u00e9l\u00e9charger Gamblerina\" >T\u00e9l\u00e9charger Gamblerina<\/button><\/div><div class=\"scrollable-content-wrap my-5\"><div class=\"scrollable-content-inner\"><h2>Acc\u00e8s mobile Android<\/h2>\n<p>L&rsquo;application Gamblerina fonctionne sur tous les appareils Android en tant qu&rsquo;application web progressive (PWA) moderne. Notre PWA fonctionne sur n&rsquo;importe quel appareil Android. Vous n&rsquo;avez pas besoin de t\u00e9l\u00e9charger de fichiers APK ni d&rsquo;installer de logiciels tiers. L&rsquo;application s&rsquo;installe directement depuis le navigateur et ne prend pratiquement pas de place sur votre appareil. Le logiciel mobile est rapide et maintient une connexion stable, ce qui vous permet de jouer \u00e0 tout moment sans aucune limite.<\/p>\n<p>Le syst\u00e8me Gamblerina se lance instantan\u00e9ment et utilise toujours la derni\u00e8re version, aucune mise \u00e0 jour manuelle n&rsquo;est donc n\u00e9cessaire. Vous recevez \u00e9galement des notifications concernant les mises \u00e0 jour, les promotions et les \u00e9v\u00e9nements. Cela vous permet de rester inform\u00e9 sans avoir \u00e0 consulter le site vous-m\u00eame.<\/p>\n<p><img loading=\"lazy\" decoding=\"async\" src=\"https:\/\/gamble-rina.org\/wp-content\/uploads\/2026\/05\/Gamblerina-Android-App.webp\" alt=\"Gamblerina Android App\" width=\"1248\" height=\"536\" \/><\/p>\n<\/div><\/div><div style=\"clear: both\"><\/div><div class=\"d-flex justify-content-center\"><button data-item=\"decouvrez_link\" data-group=\"website_links\" class=\"goto fw-bold rounded-pill btn btn-orange\" aria-label=\"T\u00e9l\u00e9chargez l&#039;application Gamblerina\" >T\u00e9l\u00e9chargez l&#039;application Gamblerina<\/button><\/div><div class=\"scrollable-content-wrap my-5\"><div class=\"scrollable-content-inner\"><h2>Principales fonctionnalit\u00e9s et avantages<\/h2>\n<p>Sur Gamblerina Casino, vous avez le choix. Si vous jouez en d\u00e9placement, vous pouvez choisir entre la version navigateur et notre application d\u00e9di\u00e9e. L&rsquo;avantage de jouer sur PC r\u00e9side dans le grand \u00e9cran, tandis que l&rsquo;application mobile mise sur la rapidit\u00e9 et la portabilit\u00e9. Les deux options offrent toutes les fonctionnalit\u00e9s. Cela signifie que plus de 6 000 jeux \u2014 machines \u00e0 sous en ligne populaires, jeux de table et tout le reste \u2014 sont disponibles imm\u00e9diatement.<\/p>\n<p>Vous devez vous inscrire pour utiliser l&rsquo;application. Mais si vous n&rsquo;avez pas encore de compte, vous pouvez en cr\u00e9er un directement dans la version mobile de Gamblerina. La proc\u00e9dure est la m\u00eame que sur un ordinateur. Et d\u00e8s que vous vous connectez au m\u00eame compte depuis diff\u00e9rents appareils, votre solde et votre progression seront synchronis\u00e9s.<\/p>\n<table>\n<tbody>\n<tr>\n<td>Fonctionnalit\u00e9<\/td>\n<td>Ce que cela signifie<\/td>\n<\/tr>\n<tr>\n<td>Vitesse de chargement rapide<\/td>\n<td>Les jeux et les pages s&rsquo;ouvrent rapidement, m\u00eame avec des connexions plus lentes<\/td>\n<\/tr>\n<tr>\n<td>Aucun t\u00e9l\u00e9chargement n\u00e9cessaire<\/td>\n<td>Acc\u00e9dez instantan\u00e9ment au casino depuis votre navigateur, ajoutez un raccourci sur votre \u00e9cran d&rsquo;accueil<\/td>\n<\/tr>\n<tr>\n<td>Conception optimis\u00e9e pour les appareils mobiles<\/td>\n<td>Fonctionne sans probl\u00e8me sur t\u00e9l\u00e9phone, tablette ou ordinateur de bureau<\/td>\n<\/tr>\n<tr>\n<td>Notifications push<\/td>\n<td>Recevez des alertes concernant les actualit\u00e9s et les \u00e9v\u00e9nements<\/td>\n<\/tr>\n<tr>\n<td>Paiement pratique<\/td>\n<td>Effectuez des d\u00e9p\u00f4ts et des retraits directement dans l&rsquo;application<\/td>\n<\/tr>\n<\/tbody>\n<\/table>\n<h2>Conseils de d\u00e9pannage<\/h2>\n<p>Si vous rencontrez des probl\u00e8mes sur Gamble Rina Casino, la plupart peuvent \u00eatre r\u00e9solus rapidement :<\/p>\n<ul>\n<li>V\u00e9rifiez votre connexion Internet<\/li>\n<li>Actualisez la page ou red\u00e9marrez votre appareil<\/li>\n<li>Videz le cache de votre navigateur<\/li>\n<li>D\u00e9connectez-vous puis reconnectez-vous<\/li>\n<\/ul>\n<p>Si le probl\u00e8me persiste, notre \u00e9quipe d&rsquo;assistance multilingue est disponible 24 h\/24 et 7 j\/7 par chat en direct ou par e-mail. Nous r\u00e9pondons rapidement et vous aidons \u00e0 r\u00e9soudre tout probl\u00e8me.<\/p>\n<h2>FAQ<\/h2>\n<h3>L&rsquo;application fonctionne-t-elle sur des appareils plus anciens ?<\/h3>\n<p>Oui, l&rsquo;application Gamblerina fonctionne sur la plupart des smartphones \u00e9quip\u00e9s de navigateurs modernes. Pour notre application web moderne et progressive, l&rsquo;essentiel est de disposer d&rsquo;une connexion Internet stable. Elle ne n\u00e9cessite pas de t\u00e9l\u00e9charger de fichiers volumineux ni de se rendre sur les boutiques d&rsquo;applications. Ainsi, si votre appareil Android est connect\u00e9 \u00e0 Internet, l&rsquo;application web fonctionnera.<\/p>\n<h3>Tous les jeux sont-ils disponibles dans l&rsquo;application ?<\/h3>\n<p>Oui, l&rsquo;int\u00e9gralit\u00e9 de la biblioth\u00e8que de jeux est disponible. Tout le contenu est synchronis\u00e9 avec la version pour ordinateur. Vous pouvez trouver n&rsquo;importe quel jeu de la biblioth\u00e8que du casino Gamblerina dans notre application mobile. Tous les jeux sont optimis\u00e9s pour les appareils mobiles et se chargent rapidement. Le gameplay est exactement le m\u00eame que sur la version PC.<\/p>\n<h3>Puis-je utiliser les bonus dans l&rsquo;application Gamblerina ?<\/h3>\n<p>Oui, vous pouvez utiliser les promotions Gamblerina dans la version mobile. Ici, vous pouvez utiliser absolument tout ce qui est disponible dans la version pour ordinateur. Vous pouvez activer n&rsquo;importe quel bonus disponible. Les conditions g\u00e9n\u00e9rales restent les m\u00eames.<\/p>\n<h3>Mes donn\u00e9es sont-elles en s\u00e9curit\u00e9 dans l&rsquo;application mobile ?<\/h3>\n<p>Oui, notre application web fonctionne via un navigateur, elle utilise donc toutes les m\u00e9thodes de s\u00e9curit\u00e9 de la plateforme. Gamblerina Casino utilise un cryptage moderne et des syst\u00e8mes s\u00e9curis\u00e9s pour prot\u00e9ger toutes les informations personnelles et financi\u00e8res. La plateforme respecte des normes de s\u00e9curit\u00e9 strictes pour garantir un jeu en toute s\u00e9curit\u00e9.<\/p>\n<\/div><\/div><\/p>\n","protected":false},"excerpt":{"rendered":"<p>Plateforme mobile Gamblerina Gamblerina app offre aux utilisateurs un acc\u00e8s complet \u00e0 la plateforme. Elle fonctionne parfaitement sur Android et iOS, et vous n&rsquo;avez rien d&rsquo;autre \u00e0 t\u00e9l\u00e9charger. Tous les jeux et outils de gestion de compte sont regroup\u00e9s au m\u00eame endroit. Vous pouvez installer l&rsquo;application en quelques \u00e9tapes seulement et commencer \u00e0 jouer \u00e0 [&hellip;]<\/p>\n","protected":false},"author":35,"featured_media":0,"parent":0,"menu_order":0,"comment_status":"closed","ping_status":"closed","template":"template-builder.php","meta":{"_acf_changed":false,"inline_featured_image":false,"footnotes":""},"class_list":["post-1715","page","type-page","status-publish","hentry"],"acf":[],"yoast_head":"<!-- This site is optimized with the Yoast SEO plugin v27.3 - https:\/\/yoast.com\/product\/yoast-seo-wordpress\/ -->\n<title>Gamblerina Application \u2013 T\u00e9l\u00e9charger pour iOS et Android<\/title>\n<meta name=\"description\" content=\"Installez l&#039;application Gamblerina sur iOS, Android, Windows et macOS pour profiter de l&#039;int\u00e9gralit\u00e9 du casino o\u00f9 que vous soyez. Synchronisation des comptes, mises \u00e0 jour r\u00e9guli\u00e8res et assistance int\u00e9gr\u00e9e : tout cela est inclus dans l&#039;application Gamblerina.\" \/>\n<meta name=\"robots\" content=\"index, follow, max-snippet:-1, max-image-preview:large, max-video-preview:-1\" \/>\n<link rel=\"canonical\" href=\"https:\/\/gamble-rina.org\/fr\/app\/\" \/>\n<meta property=\"og:locale\" content=\"fr_FR\" \/>\n<meta property=\"og:type\" content=\"article\" \/>\n<meta property=\"og:title\" content=\"Gamblerina Application \u2013 T\u00e9l\u00e9charger pour iOS et Android\" \/>\n<meta property=\"og:description\" content=\"Installez l&#039;application Gamblerina sur iOS, Android, Windows et macOS pour profiter de l&#039;int\u00e9gralit\u00e9 du casino o\u00f9 que vous soyez. Synchronisation des comptes, mises \u00e0 jour r\u00e9guli\u00e8res et assistance int\u00e9gr\u00e9e : tout cela est inclus dans l&#039;application Gamblerina.\" \/>\n<meta property=\"og:url\" content=\"https:\/\/gamble-rina.org\/fr\/app\/\" \/>\n<meta property=\"og:site_name\" content=\"Gamblerina\" \/>\n<meta property=\"article:modified_time\" content=\"2026-05-13T13:32:44+00:00\" \/>\n<meta name=\"twitter:card\" content=\"summary_large_image\" \/>\n<meta name=\"twitter:label1\" content=\"Dur\u00e9e de lecture estim\u00e9e\" \/>\n\t<meta name=\"twitter:data1\" content=\"1 minute\" \/>\n<script type=\"application\/ld+json\" class=\"yoast-schema-graph\">{\"@context\":\"https:\\\/\\\/schema.org\",\"@graph\":[{\"@type\":\"WebPage\",\"@id\":\"https:\\\/\\\/gamble-rina.org\\\/fr\\\/app\\\/\",\"url\":\"https:\\\/\\\/gamble-rina.org\\\/fr\\\/app\\\/\",\"name\":\"Gamblerina Application \u2013 T\u00e9l\u00e9charger pour iOS et Android\",\"isPartOf\":{\"@id\":\"https:\\\/\\\/gamble-rina.org\\\/fr\\\/#website\"},\"datePublished\":\"2026-05-13T12:29:02+00:00\",\"dateModified\":\"2026-05-13T13:32:44+00:00\",\"description\":\"Installez l'application Gamblerina sur iOS, Android, Windows et macOS pour profiter de l'int\u00e9gralit\u00e9 du casino o\u00f9 que vous soyez. Synchronisation des comptes, mises \u00e0 jour r\u00e9guli\u00e8res et assistance int\u00e9gr\u00e9e : tout cela est inclus dans l'application Gamblerina.\",\"breadcrumb\":{\"@id\":\"https:\\\/\\\/gamble-rina.org\\\/fr\\\/app\\\/#breadcrumb\"},\"inLanguage\":\"fr-FR\",\"potentialAction\":[{\"@type\":\"ReadAction\",\"target\":[\"https:\\\/\\\/gamble-rina.org\\\/fr\\\/app\\\/\"]}]},{\"@type\":\"BreadcrumbList\",\"@id\":\"https:\\\/\\\/gamble-rina.org\\\/fr\\\/app\\\/#breadcrumb\",\"itemListElement\":[{\"@type\":\"ListItem\",\"position\":1,\"name\":\"Gamblerina\",\"item\":\"https:\\\/\\\/gamble-rina.org\\\/fr\\\/\"},{\"@type\":\"ListItem\",\"position\":2,\"name\":\"App\"}]},{\"@type\":\"WebSite\",\"@id\":\"https:\\\/\\\/gamble-rina.org\\\/fr\\\/#website\",\"url\":\"https:\\\/\\\/gamble-rina.org\\\/fr\\\/\",\"name\":\"Gamblerina\",\"description\":\"\",\"publisher\":{\"@id\":\"https:\\\/\\\/gamble-rina.org\\\/fr\\\/#organization\"},\"potentialAction\":[{\"@type\":\"SearchAction\",\"target\":{\"@type\":\"EntryPoint\",\"urlTemplate\":\"https:\\\/\\\/gamble-rina.org\\\/fr\\\/?s={search_term_string}\"},\"query-input\":{\"@type\":\"PropertyValueSpecification\",\"valueRequired\":true,\"valueName\":\"search_term_string\"}}],\"inLanguage\":\"fr-FR\"},{\"@type\":\"Organization\",\"@id\":\"https:\\\/\\\/gamble-rina.org\\\/fr\\\/#organization\",\"name\":\"Gamblerina\",\"url\":\"https:\\\/\\\/gamble-rina.org\\\/fr\\\/\",\"logo\":{\"@type\":\"ImageObject\",\"inLanguage\":\"fr-FR\",\"@id\":\"https:\\\/\\\/gamble-rina.org\\\/fr\\\/#\\\/schema\\\/logo\\\/image\\\/\",\"url\":\"https:\\\/\\\/gamble-rina.org\\\/wp-content\\\/uploads\\\/2026\\\/05\\\/Gamblerina-logo.png\",\"contentUrl\":\"https:\\\/\\\/gamble-rina.org\\\/wp-content\\\/uploads\\\/2026\\\/05\\\/Gamblerina-logo.png\",\"width\":196,\"height\":40,\"caption\":\"Gamblerina\"},\"image\":{\"@id\":\"https:\\\/\\\/gamble-rina.org\\\/fr\\\/#\\\/schema\\\/logo\\\/image\\\/\"}}]}<\/script>\n<!-- \/ Yoast SEO plugin. -->","yoast_head_json":{"title":"Gamblerina Application \u2013 T\u00e9l\u00e9charger pour iOS et Android","description":"Installez l'application Gamblerina sur iOS, Android, Windows et macOS pour profiter de l'int\u00e9gralit\u00e9 du casino o\u00f9 que vous soyez. Synchronisation des comptes, mises \u00e0 jour r\u00e9guli\u00e8res et assistance int\u00e9gr\u00e9e : tout cela est inclus dans l'application Gamblerina.","robots":{"index":"index","follow":"follow","max-snippet":"max-snippet:-1","max-image-preview":"max-image-preview:large","max-video-preview":"max-video-preview:-1"},"canonical":"https:\/\/gamble-rina.org\/fr\/app\/","og_locale":"fr_FR","og_type":"article","og_title":"Gamblerina Application \u2013 T\u00e9l\u00e9charger pour iOS et Android","og_description":"Installez l'application Gamblerina sur iOS, Android, Windows et macOS pour profiter de l'int\u00e9gralit\u00e9 du casino o\u00f9 que vous soyez. Synchronisation des comptes, mises \u00e0 jour r\u00e9guli\u00e8res et assistance int\u00e9gr\u00e9e : tout cela est inclus dans l'application Gamblerina.","og_url":"https:\/\/gamble-rina.org\/fr\/app\/","og_site_name":"Gamblerina","article_modified_time":"2026-05-13T13:32:44+00:00","twitter_card":"summary_large_image","twitter_misc":{"Dur\u00e9e de lecture estim\u00e9e":"1 minute"},"schema":{"@context":"https:\/\/schema.org","@graph":[{"@type":"WebPage","@id":"https:\/\/gamble-rina.org\/fr\/app\/","url":"https:\/\/gamble-rina.org\/fr\/app\/","name":"Gamblerina Application \u2013 T\u00e9l\u00e9charger pour iOS et Android","isPartOf":{"@id":"https:\/\/gamble-rina.org\/fr\/#website"},"datePublished":"2026-05-13T12:29:02+00:00","dateModified":"2026-05-13T13:32:44+00:00","description":"Installez l'application Gamblerina sur iOS, Android, Windows et macOS pour profiter de l'int\u00e9gralit\u00e9 du casino o\u00f9 que vous soyez. Synchronisation des comptes, mises \u00e0 jour r\u00e9guli\u00e8res et assistance int\u00e9gr\u00e9e : tout cela est inclus dans l'application Gamblerina.","breadcrumb":{"@id":"https:\/\/gamble-rina.org\/fr\/app\/#breadcrumb"},"inLanguage":"fr-FR","potentialAction":[{"@type":"ReadAction","target":["https:\/\/gamble-rina.org\/fr\/app\/"]}]},{"@type":"BreadcrumbList","@id":"https:\/\/gamble-rina.org\/fr\/app\/#breadcrumb","itemListElement":[{"@type":"ListItem","position":1,"name":"Gamblerina","item":"https:\/\/gamble-rina.org\/fr\/"},{"@type":"ListItem","position":2,"name":"App"}]},{"@type":"WebSite","@id":"https:\/\/gamble-rina.org\/fr\/#website","url":"https:\/\/gamble-rina.org\/fr\/","name":"Gamblerina","description":"","publisher":{"@id":"https:\/\/gamble-rina.org\/fr\/#organization"},"potentialAction":[{"@type":"SearchAction","target":{"@type":"EntryPoint","urlTemplate":"https:\/\/gamble-rina.org\/fr\/?s={search_term_string}"},"query-input":{"@type":"PropertyValueSpecification","valueRequired":true,"valueName":"search_term_string"}}],"inLanguage":"fr-FR"},{"@type":"Organization","@id":"https:\/\/gamble-rina.org\/fr\/#organization","name":"Gamblerina","url":"https:\/\/gamble-rina.org\/fr\/","logo":{"@type":"ImageObject","inLanguage":"fr-FR","@id":"https:\/\/gamble-rina.org\/fr\/#\/schema\/logo\/image\/","url":"https:\/\/gamble-rina.org\/wp-content\/uploads\/2026\/05\/Gamblerina-logo.png","contentUrl":"https:\/\/gamble-rina.org\/wp-content\/uploads\/2026\/05\/Gamblerina-logo.png","width":196,"height":40,"caption":"Gamblerina"},"image":{"@id":"https:\/\/gamble-rina.org\/fr\/#\/schema\/logo\/image\/"}}]}},"_links":{"self":[{"href":"https:\/\/gamble-rina.org\/fr\/wp-json\/wp\/v2\/pages\/1715","targetHints":{"allow":["GET"]}}],"collection":[{"href":"https:\/\/gamble-rina.org\/fr\/wp-json\/wp\/v2\/pages"}],"about":[{"href":"https:\/\/gamble-rina.org\/fr\/wp-json\/wp\/v2\/types\/page"}],"author":[{"embeddable":true,"href":"https:\/\/gamble-rina.org\/fr\/wp-json\/wp\/v2\/users\/35"}],"replies":[{"embeddable":true,"href":"https:\/\/gamble-rina.org\/fr\/wp-json\/wp\/v2\/comments?post=1715"}],"version-history":[{"count":2,"href":"https:\/\/gamble-rina.org\/fr\/wp-json\/wp\/v2\/pages\/1715\/revisions"}],"predecessor-version":[{"id":1860,"href":"https:\/\/gamble-rina.org\/fr\/wp-json\/wp\/v2\/pages\/1715\/revisions\/1860"}],"wp:attachment":[{"href":"https:\/\/gamble-rina.org\/fr\/wp-json\/wp\/v2\/media?parent=1715"}],"curies":[{"name":"wp","href":"https:\/\/api.w.org\/{rel}","templated":true}]}}