{"id":1718,"date":"2026-05-13T13:29:02","date_gmt":"2026-05-13T12:29:02","guid":{"rendered":"https:\/\/gamble-rina.org\/app\/"},"modified":"2026-05-13T15:38:38","modified_gmt":"2026-05-13T14:38:38","slug":"applicazione","status":"publish","type":"page","link":"https:\/\/gamble-rina.org\/it\/applicazione\/","title":{"rendered":"Applicazione"},"content":{"rendered":"<h1>Piattaforma mobile Gamblerina<\/h1>\n<p>Gamblerina app offre agli utenti italiani pieno accesso alla piattaforma. Funziona perfettamente sia su Android che su iOS e non devi scaricare nulla in pi\u00f9. Tutti i giochi e gli strumenti dell&#8217;account sono in un unico posto. Puoi installare l&#8217;app in pochi passaggi e iniziare a giocare in qualsiasi momento. Il layout \u00e8 pulito e si adatta allo schermo che stai usando, quindi \u00e8 facile giocare da qualsiasi luogo.<\/p>\n<p><div class=\"banner-wrap\" aria-label=\"Banner\"><img src=\"https:\/\/gamble-rina.org\/wp-content\/uploads\/2026\/05\/Gamblerina-banner-carousel-800\u0445400.webp\" class=\"w-100 d-none d-lg-block img-pc main-banner-img\" alt=\"Gamblerina banner desktop\" fetchpriority=\"high\" decoding=\"async\"><img src=\"https:\/\/gamble-rina.org\/wp-content\/uploads\/2026\/05\/gamblerina-banner-mobile.webp\" class=\"w-100 d-none d-md-block d-lg-none main-banner-img\" alt=\"Gamblerina banner mobile\" fetchpriority=\"high\" decoding=\"async\"><img src=\"https:\/\/gamble-rina.org\/wp-content\/uploads\/2026\/05\/gamblerina-banner-mobile.webp\" class=\"w-100 d-md-none\" alt=\"Gamblerina banner mobile\" fetchpriority=\"high\" decoding=\"async\"><div class=\"banner-description\">\n<div class=\"banner-title\">Bonus di benvenuto<\/div>\n<p class=\"banner-header-title\">\u20ac1,500<\/p>\n<div class=\"banner-header-AdditionalText\">+ 250 Giri gratuiti<\/div>\n<button data-item=\"homepage_banner_link\" class=\"goto m-button m-gradient-border m-button--primary m-button--large banner-button btn-orange\">\n            <div class=\"m-button-content\">\n                <span>Iscriviti ora<\/span>\n                <span><\/span>\n            <\/div>\n        <\/button>\n<\/div>\n<div class=\"WelcomePack\">\n<p><img loading=\"lazy\" decoding=\"async\" class=\"alignnone size-full wp-image-1515\" src=\"https:\/\/gamble-rina.org\/wp-content\/uploads\/2026\/05\/welcome-crown.png\" alt=\"crown\" width=\"25\" height=\"26\" \/><\/p>\n<div class=\"WelcomePack-Info\">Cashback settimanale fino al 25%<\/div>\n<p><img loading=\"lazy\" decoding=\"async\" class=\"alignnone size-full wp-image-1515\" src=\"https:\/\/gamble-rina.org\/wp-content\/uploads\/2026\/05\/welcome-crown.png\" alt=\"crown\" width=\"25\" height=\"26\" \/><\/p>\n<\/div>\n<\/div><div class=\"scrollable-content-wrap my-5\"><div class=\"scrollable-content-inner\"><h2>Esperienza iOS: gioca su iPhone e iPad<\/h2>\n<p>Il nostro software mobile funziona su qualsiasi dispositivo iOS. L&#8217;app Gamblerina funziona direttamente tramite il browser Safari come scorciatoia di accesso rapido. Non c&#8217;\u00e8 bisogno di visitare l&#8217;App Store o di installare file di grandi dimensioni. La piattaforma si carica velocemente e mantiene prestazioni stabili su tutti i dispositivi iOS.<\/p>\n<p>La caratteristica principale dell&#8217;app Gamblerina sono le notifiche. Riceverai aggiornamenti su bonus, tornei, nuovi giochi: tutto ci\u00f2 che non vuoi perderti. La piccola icona dell&#8217;app rimane sulla tua schermata iniziale, quindi basta un tocco per aprire il casin\u00f2 mobile e tornare a giocare senza alcun ritardo. La nostra app utilizza una crittografia sicura e sistemi di protezione verificati per garantire la sicurezza di tutti i dati e le transazioni.<\/p>\n<h3>Come installarla su iOS<\/h3>\n<ol>\n<li>Per cominciare, dovresti aprire il sito web di Gamble Rina Casino su Safari.<\/li>\n<li>Poi devi toccare l&#8217;icona &#8220;Condividi&#8221; e selezionare &#8220;Aggiungi alla schermata Home&#8221;.<\/li>\n<li>Infine, conferma toccando &#8220;Aggiungi&#8221;.<\/li>\n<\/ol>\n<p><img loading=\"lazy\" decoding=\"async\" src=\"https:\/\/gamble-rina.org\/wp-content\/uploads\/2026\/05\/Gamblerina-iOS-App.webp\" alt=\"Gamblerina iOS App\" width=\"1248\" height=\"536\" \/><\/p>\n<\/div><\/div><div style=\"clear: both\"><\/div><div class=\"d-flex justify-content-center\"><button data-item=\"decouvrez_link\" data-group=\"website_links\" class=\"goto fw-bold rounded-pill btn btn-orange\" aria-label=\"Scarica l&#039;app Gamblerina\" >Scarica l&#039;app Gamblerina<\/button><\/div><div class=\"scrollable-content-wrap my-5\"><div class=\"scrollable-content-inner\"><h2>Accesso da desktop per Windows e macOS<\/h2>\n<p>Supportiamo anche l&#8217;accesso da desktop tramite una soluzione basata su browser. Puoi utilizzare il software mobile di Gamblerina Casino su Windows e macOS senza scaricare file aggiuntivi. La piattaforma pu\u00f2 essere salvata come collegamento sul desktop, che funziona come un&#8217;app e consente l&#8217;accesso con un solo clic.<\/p>\n<p>La versione desktop di Gamblerina Casino \u00e8 ottimizzata per schermi pi\u00f9 grandi. Offre una navigazione chiara e una grafica di alta qualit\u00e0. Hai a disposizione tutte le funzionalit\u00e0: giochi, pagamenti, processo di verifica, impostazioni dell&#8217;account. Ottima scelta se ti piace avere pi\u00f9 spazio sullo schermo e non ti dispiace un po&#8217; pi\u00f9 di dettaglio. Puoi creare un collegamento sul desktop a Gamblerina: trasforma il sito in una piccola app web a s\u00e9 stante. Un clic e sei dentro. Niente pi\u00f9 ricerche tra i segnalibri o digitazione di URL.<\/p>\n<p><img loading=\"lazy\" decoding=\"async\" src=\"https:\/\/gamble-rina.org\/wp-content\/uploads\/2026\/05\/Gamblerina-Desktop.webp\" alt=\"Gamblerina Desktop\" width=\"1248\" height=\"536\" \/><\/p>\n<\/div><\/div><div style=\"clear: both\"><\/div><div class=\"d-flex justify-content-center\"><button data-item=\"decouvrez_link\" data-group=\"website_links\" class=\"goto fw-bold rounded-pill btn btn-orange\" aria-label=\"Scarica Gamblerina\" >Scarica Gamblerina<\/button><\/div><div class=\"scrollable-content-wrap my-5\"><div class=\"scrollable-content-inner\"><h2>Accesso da dispositivi mobili Android<\/h2>\n<p>L&#8217;app di Gamblerina funziona su tutti i dispositivi Android come una moderna Progressive Web App (PWA). La nostra PWA funziona su qualsiasi dispositivo Android. Non devi scaricare file APK n\u00e9 installare software di terze parti. L&#8217;app si installa direttamente dal browser e non occupa quasi spazio sul tuo dispositivo. Il software mobile \u00e8 veloce e mantiene una connessione stabile, cos\u00ec puoi giocare in qualsiasi momento senza limiti.<\/p>\n<p>Il sistema Gamblerina si avvia all&#8217;istante ed esegue sempre l&#8217;ultima versione, quindi non sono necessari aggiornamenti manuali. Riceverai anche notifiche su aggiornamenti, promozioni ed eventi. Questo ti tiene informato senza dover controllare il sito da solo.<\/p>\n<p><img loading=\"lazy\" decoding=\"async\" src=\"https:\/\/gamble-rina.org\/wp-content\/uploads\/2026\/05\/Gamblerina-Android-App.webp\" alt=\"Gamblerina Android App\" width=\"1248\" height=\"536\" \/><\/p>\n<\/div><\/div><div style=\"clear: both\"><\/div><div class=\"d-flex justify-content-center\"><button data-item=\"decouvrez_link\" data-group=\"website_links\" class=\"goto fw-bold rounded-pill btn btn-orange\" aria-label=\"Scarica l&#039;app Gamblerina\" >Scarica l&#039;app Gamblerina<\/button><\/div><div class=\"scrollable-content-wrap my-5\"><div class=\"scrollable-content-inner\"><h2>Caratteristiche e vantaggi principali<\/h2>\n<p>Su Gamblerina Casino, hai la possibilit\u00e0 di scegliere. Se giochi in movimento, puoi scegliere tra la versione browser e la nostra app dedicata. Il vantaggio di giocare su PC \u00e8 lo schermo grande, mentre l&#8217;app mobile punta sulla velocit\u00e0 e sulla portabilit\u00e0. Entrambe le opzioni offrono funzionalit\u00e0 complete. Ci\u00f2 significa che oltre 6.000 giochi \u2013 slot online popolari, giochi da tavolo e tutto il resto \u2013 sono disponibili immediatamente.<\/p>\n<p>Devi registrarti per usare l&#8217;app. Ma se non hai ancora un account, puoi crearne uno direttamente nella versione mobile di Gamblerina. Il processo \u00e8 lo stesso che su un computer. E non appena accedi allo stesso account da dispositivi diversi, il tuo saldo e i tuoi progressi verranno sincronizzati.<\/p>\n<table>\n<tbody>\n<tr>\n<td>Caratteristica<\/td>\n<td>Cosa significa<\/td>\n<\/tr>\n<tr>\n<td>Velocit\u00e0 di caricamento elevata<\/td>\n<td>I giochi e le pagine si aprono rapidamente, anche con connessioni pi\u00f9 lente<\/td>\n<\/tr>\n<tr>\n<td>Non \u00e8 necessario alcun download<\/td>\n<td>Accedi al casin\u00f2 all&#8217;istante dal tuo browser, aggiungi un collegamento alla schermata iniziale<\/td>\n<\/tr>\n<tr>\n<td>Design ottimizzato per dispositivi mobili<\/td>\n<td>Funziona su telefono, tablet o desktop senza problemi<\/td>\n<\/tr>\n<tr>\n<td>Notifiche push<\/td>\n<td>Ricevi avvisi su novit\u00e0 ed eventi<\/td>\n<\/tr>\n<tr>\n<td>Comodit\u00e0 di pagamento<\/td>\n<td>Deposita e preleva direttamente dall&#8217;app<\/td>\n<\/tr>\n<\/tbody>\n<\/table>\n<h2>Suggerimenti per la risoluzione dei problemi<\/h2>\n<p>Se riscontri dei problemi su Gamble Rina Casino, la maggior parte pu\u00f2 essere risolta rapidamente:<\/p>\n<ul>\n<li>Controlla la tua connessione Internet<\/li>\n<li>Aggiorna la pagina o riavvia il dispositivo<\/li>\n<li>Svuota la cache del browser<\/li>\n<li>Esci e accedi nuovamente<\/li>\n<\/ul>\n<p>Se il problema persiste, il nostro team di assistenza multilingue \u00e8 disponibile 24 ore su 24, 7 giorni su 7, tramite live chat o e-mail. Rispondiamo rapidamente e ti aiutiamo a risolvere qualsiasi problema.<\/p>\n<h2>Domande frequenti<\/h2>\n<h3>L&#8217;app funziona sui dispositivi meno recenti?<\/h3>\n<p>S\u00ec, l&#8217;app Gamblerina funziona sulla maggior parte degli smartphone che supportano i browser moderni. Per la nostra app web moderna e progressiva, la cosa pi\u00f9 importante \u00e8 una connessione Internet stabile. Non richiede il download di file di grandi dimensioni n\u00e9 di visitare gli app store. Quindi, se il tuo dispositivo Android ha una connessione Internet, l&#8217;app web funzioner\u00e0.<\/p>\n<h3>Tutti i giochi sono disponibili nell&#8217;app?<\/h3>\n<p>S\u00ec, \u00e8 disponibile l&#8217;intera libreria di giochi. Tutti i contenuti sono sincronizzati con la versione desktop. Puoi trovare qualsiasi gioco della libreria di Gamblerina Casino nella nostra app mobile. Tutti i giochi sono ottimizzati per i dispositivi mobili e si caricano rapidamente. Il gameplay \u00e8 esattamente lo stesso della versione per PC.<\/p>\n<h3>Posso usare i bonus nell&#8217;app Gamblerina?<\/h3>\n<p>S\u00ec, puoi utilizzare le promozioni di Gamblerina nella versione mobile. Qui puoi utilizzare assolutamente tutto ci\u00f2 che \u00e8 disponibile nella versione desktop. Puoi attivare qualsiasi bonus disponibile. I termini e le condizioni rimangono gli stessi.<\/p>\n<h3>I miei dati sono al sicuro nell&#8217;applicazione mobile?<\/h3>\n<p>S\u00ec, la nostra applicazione web funziona tramite un browser, quindi utilizza tutti i metodi di sicurezza della piattaforma. Gamblerina Casino utilizza sistemi di crittografia moderni e sicuri per proteggere tutte le informazioni personali e finanziarie. La piattaforma segue rigorosi standard di sicurezza per un gioco sicuro.<\/p>\n<\/div><\/div><\/p>\n","protected":false},"excerpt":{"rendered":"<p>Piattaforma mobile Gamblerina Gamblerina app offre agli utenti italiani pieno accesso alla piattaforma. Funziona perfettamente sia su Android che su iOS e non devi scaricare nulla in pi\u00f9. Tutti i giochi e gli strumenti dell&#8217;account sono in un unico posto. Puoi installare l&#8217;app in pochi passaggi e iniziare a giocare in qualsiasi momento. Il layout [&hellip;]<\/p>\n","protected":false},"author":35,"featured_media":0,"parent":0,"menu_order":0,"comment_status":"closed","ping_status":"closed","template":"template-builder.php","meta":{"_acf_changed":false,"inline_featured_image":false,"footnotes":""},"class_list":["post-1718","page","type-page","status-publish","hentry"],"acf":[],"yoast_head":"<!-- This site is optimized with the Yoast SEO plugin v27.3 - https:\/\/yoast.com\/product\/yoast-seo-wordpress\/ -->\n<title>Gamblerina App \u2013 Scarica per iOS e Android<\/title>\n<meta name=\"description\" content=\"Installa l&#039;app Gamblerina su iOS, Android, Windows e macOS per giocare al casin\u00f2 completo ovunque ti trovi. Sincronizzazione dell&#039;account, aggiornamenti frequenti e assistenza integrata nell&#039;app: tutto questo \u00e8 disponibile nell&#039;app Gamblerina.\" \/>\n<meta name=\"robots\" content=\"index, follow, max-snippet:-1, max-image-preview:large, max-video-preview:-1\" \/>\n<link rel=\"canonical\" href=\"https:\/\/gamble-rina.org\/it\/applicazione\/\" \/>\n<meta property=\"og:locale\" content=\"it_IT\" \/>\n<meta property=\"og:type\" content=\"article\" \/>\n<meta property=\"og:title\" content=\"Gamblerina App \u2013 Scarica per iOS e Android\" \/>\n<meta property=\"og:description\" content=\"Installa l&#039;app Gamblerina su iOS, Android, Windows e macOS per giocare al casin\u00f2 completo ovunque ti trovi. Sincronizzazione dell&#039;account, aggiornamenti frequenti e assistenza integrata nell&#039;app: tutto questo \u00e8 disponibile nell&#039;app Gamblerina.\" \/>\n<meta property=\"og:url\" content=\"https:\/\/gamble-rina.org\/it\/applicazione\/\" \/>\n<meta property=\"og:site_name\" content=\"Gamblerina\" \/>\n<meta property=\"article:modified_time\" content=\"2026-05-13T14:38:38+00:00\" \/>\n<meta name=\"twitter:card\" content=\"summary_large_image\" \/>\n<meta name=\"twitter:label1\" content=\"Tempo di lettura stimato\" \/>\n\t<meta name=\"twitter:data1\" content=\"1 minuto\" \/>\n<script type=\"application\/ld+json\" class=\"yoast-schema-graph\">{\"@context\":\"https:\\\/\\\/schema.org\",\"@graph\":[{\"@type\":\"WebPage\",\"@id\":\"https:\\\/\\\/gamble-rina.org\\\/it\\\/applicazione\\\/\",\"url\":\"https:\\\/\\\/gamble-rina.org\\\/it\\\/applicazione\\\/\",\"name\":\"Gamblerina App \u2013 Scarica per iOS e Android\",\"isPartOf\":{\"@id\":\"https:\\\/\\\/gamble-rina.org\\\/it\\\/#website\"},\"datePublished\":\"2026-05-13T12:29:02+00:00\",\"dateModified\":\"2026-05-13T14:38:38+00:00\",\"description\":\"Installa l'app Gamblerina su iOS, Android, Windows e macOS per giocare al casin\u00f2 completo ovunque ti trovi. Sincronizzazione dell'account, aggiornamenti frequenti e assistenza integrata nell'app: tutto questo \u00e8 disponibile nell'app Gamblerina.\",\"breadcrumb\":{\"@id\":\"https:\\\/\\\/gamble-rina.org\\\/it\\\/applicazione\\\/#breadcrumb\"},\"inLanguage\":\"it-IT\",\"potentialAction\":[{\"@type\":\"ReadAction\",\"target\":[\"https:\\\/\\\/gamble-rina.org\\\/it\\\/applicazione\\\/\"]}]},{\"@type\":\"BreadcrumbList\",\"@id\":\"https:\\\/\\\/gamble-rina.org\\\/it\\\/applicazione\\\/#breadcrumb\",\"itemListElement\":[{\"@type\":\"ListItem\",\"position\":1,\"name\":\"Gamblerina\",\"item\":\"https:\\\/\\\/gamble-rina.org\\\/it\\\/\"},{\"@type\":\"ListItem\",\"position\":2,\"name\":\"Applicazione\"}]},{\"@type\":\"WebSite\",\"@id\":\"https:\\\/\\\/gamble-rina.org\\\/it\\\/#website\",\"url\":\"https:\\\/\\\/gamble-rina.org\\\/it\\\/\",\"name\":\"Gamblerina\",\"description\":\"\",\"publisher\":{\"@id\":\"https:\\\/\\\/gamble-rina.org\\\/it\\\/#organization\"},\"potentialAction\":[{\"@type\":\"SearchAction\",\"target\":{\"@type\":\"EntryPoint\",\"urlTemplate\":\"https:\\\/\\\/gamble-rina.org\\\/it\\\/?s={search_term_string}\"},\"query-input\":{\"@type\":\"PropertyValueSpecification\",\"valueRequired\":true,\"valueName\":\"search_term_string\"}}],\"inLanguage\":\"it-IT\"},{\"@type\":\"Organization\",\"@id\":\"https:\\\/\\\/gamble-rina.org\\\/it\\\/#organization\",\"name\":\"Gamblerina\",\"url\":\"https:\\\/\\\/gamble-rina.org\\\/it\\\/\",\"logo\":{\"@type\":\"ImageObject\",\"inLanguage\":\"it-IT\",\"@id\":\"https:\\\/\\\/gamble-rina.org\\\/it\\\/#\\\/schema\\\/logo\\\/image\\\/\",\"url\":\"https:\\\/\\\/gamble-rina.org\\\/wp-content\\\/uploads\\\/2026\\\/05\\\/Gamblerina-logo.png\",\"contentUrl\":\"https:\\\/\\\/gamble-rina.org\\\/wp-content\\\/uploads\\\/2026\\\/05\\\/Gamblerina-logo.png\",\"width\":196,\"height\":40,\"caption\":\"Gamblerina\"},\"image\":{\"@id\":\"https:\\\/\\\/gamble-rina.org\\\/it\\\/#\\\/schema\\\/logo\\\/image\\\/\"}}]}<\/script>\n<!-- \/ Yoast SEO plugin. -->","yoast_head_json":{"title":"Gamblerina App \u2013 Scarica per iOS e Android","description":"Installa l'app Gamblerina su iOS, Android, Windows e macOS per giocare al casin\u00f2 completo ovunque ti trovi. Sincronizzazione dell'account, aggiornamenti frequenti e assistenza integrata nell'app: tutto questo \u00e8 disponibile nell'app Gamblerina.","robots":{"index":"index","follow":"follow","max-snippet":"max-snippet:-1","max-image-preview":"max-image-preview:large","max-video-preview":"max-video-preview:-1"},"canonical":"https:\/\/gamble-rina.org\/it\/applicazione\/","og_locale":"it_IT","og_type":"article","og_title":"Gamblerina App \u2013 Scarica per iOS e Android","og_description":"Installa l'app Gamblerina su iOS, Android, Windows e macOS per giocare al casin\u00f2 completo ovunque ti trovi. Sincronizzazione dell'account, aggiornamenti frequenti e assistenza integrata nell'app: tutto questo \u00e8 disponibile nell'app Gamblerina.","og_url":"https:\/\/gamble-rina.org\/it\/applicazione\/","og_site_name":"Gamblerina","article_modified_time":"2026-05-13T14:38:38+00:00","twitter_card":"summary_large_image","twitter_misc":{"Tempo di lettura stimato":"1 minuto"},"schema":{"@context":"https:\/\/schema.org","@graph":[{"@type":"WebPage","@id":"https:\/\/gamble-rina.org\/it\/applicazione\/","url":"https:\/\/gamble-rina.org\/it\/applicazione\/","name":"Gamblerina App \u2013 Scarica per iOS e Android","isPartOf":{"@id":"https:\/\/gamble-rina.org\/it\/#website"},"datePublished":"2026-05-13T12:29:02+00:00","dateModified":"2026-05-13T14:38:38+00:00","description":"Installa l'app Gamblerina su iOS, Android, Windows e macOS per giocare al casin\u00f2 completo ovunque ti trovi. Sincronizzazione dell'account, aggiornamenti frequenti e assistenza integrata nell'app: tutto questo \u00e8 disponibile nell'app Gamblerina.","breadcrumb":{"@id":"https:\/\/gamble-rina.org\/it\/applicazione\/#breadcrumb"},"inLanguage":"it-IT","potentialAction":[{"@type":"ReadAction","target":["https:\/\/gamble-rina.org\/it\/applicazione\/"]}]},{"@type":"BreadcrumbList","@id":"https:\/\/gamble-rina.org\/it\/applicazione\/#breadcrumb","itemListElement":[{"@type":"ListItem","position":1,"name":"Gamblerina","item":"https:\/\/gamble-rina.org\/it\/"},{"@type":"ListItem","position":2,"name":"Applicazione"}]},{"@type":"WebSite","@id":"https:\/\/gamble-rina.org\/it\/#website","url":"https:\/\/gamble-rina.org\/it\/","name":"Gamblerina","description":"","publisher":{"@id":"https:\/\/gamble-rina.org\/it\/#organization"},"potentialAction":[{"@type":"SearchAction","target":{"@type":"EntryPoint","urlTemplate":"https:\/\/gamble-rina.org\/it\/?s={search_term_string}"},"query-input":{"@type":"PropertyValueSpecification","valueRequired":true,"valueName":"search_term_string"}}],"inLanguage":"it-IT"},{"@type":"Organization","@id":"https:\/\/gamble-rina.org\/it\/#organization","name":"Gamblerina","url":"https:\/\/gamble-rina.org\/it\/","logo":{"@type":"ImageObject","inLanguage":"it-IT","@id":"https:\/\/gamble-rina.org\/it\/#\/schema\/logo\/image\/","url":"https:\/\/gamble-rina.org\/wp-content\/uploads\/2026\/05\/Gamblerina-logo.png","contentUrl":"https:\/\/gamble-rina.org\/wp-content\/uploads\/2026\/05\/Gamblerina-logo.png","width":196,"height":40,"caption":"Gamblerina"},"image":{"@id":"https:\/\/gamble-rina.org\/it\/#\/schema\/logo\/image\/"}}]}},"_links":{"self":[{"href":"https:\/\/gamble-rina.org\/it\/wp-json\/wp\/v2\/pages\/1718","targetHints":{"allow":["GET"]}}],"collection":[{"href":"https:\/\/gamble-rina.org\/it\/wp-json\/wp\/v2\/pages"}],"about":[{"href":"https:\/\/gamble-rina.org\/it\/wp-json\/wp\/v2\/types\/page"}],"author":[{"embeddable":true,"href":"https:\/\/gamble-rina.org\/it\/wp-json\/wp\/v2\/users\/35"}],"replies":[{"embeddable":true,"href":"https:\/\/gamble-rina.org\/it\/wp-json\/wp\/v2\/comments?post=1718"}],"version-history":[{"count":2,"href":"https:\/\/gamble-rina.org\/it\/wp-json\/wp\/v2\/pages\/1718\/revisions"}],"predecessor-version":[{"id":1957,"href":"https:\/\/gamble-rina.org\/it\/wp-json\/wp\/v2\/pages\/1718\/revisions\/1957"}],"wp:attachment":[{"href":"https:\/\/gamble-rina.org\/it\/wp-json\/wp\/v2\/media?parent=1718"}],"curies":[{"name":"wp","href":"https:\/\/api.w.org\/{rel}","templated":true}]}}