{"id":1756,"date":"2026-05-13T13:32:42","date_gmt":"2026-05-13T12:32:42","guid":{"rendered":"https:\/\/gamble-rina.org\/login-and-registration\/"},"modified":"2026-05-13T15:41:31","modified_gmt":"2026-05-13T14:41:31","slug":"accesso-e-registrazione","status":"publish","type":"page","link":"https:\/\/gamble-rina.org\/it\/accesso-e-registrazione\/","title":{"rendered":"Accesso e registrazione"},"content":{"rendered":"<h1>Accesso e registrazione all&#8217;account Gamblerina<\/h1>\n<p>Gli utenti italian maggiorenni possono seguire la procedura di Gamblerina login. Il sistema di autorizzazione funziona sia nei browser che nell&#8217;app mobile. Puoi accedere al tuo account da qualsiasi dispositivo in qualsiasi momento. Il sistema protegge i tuoi dati e mantiene stabile la tua sessione. Una volta effettuato l&#8217;accesso, puoi gestire il tuo profilo senza limiti.<\/p>\n<p><div class=\"banner-wrap\" aria-label=\"Banner\"><img src=\"https:\/\/gamble-rina.org\/wp-content\/uploads\/2026\/05\/Gamblerina-banner-carousel-800\u0445400.webp\" class=\"w-100 d-none d-lg-block img-pc main-banner-img\" alt=\"Gamblerina banner desktop\" fetchpriority=\"high\" decoding=\"async\"><img src=\"https:\/\/gamble-rina.org\/wp-content\/uploads\/2026\/05\/gamblerina-banner-mobile.webp\" class=\"w-100 d-none d-md-block d-lg-none main-banner-img\" alt=\"Gamblerina banner mobile\" fetchpriority=\"high\" decoding=\"async\"><img src=\"https:\/\/gamble-rina.org\/wp-content\/uploads\/2026\/05\/gamblerina-banner-mobile.webp\" class=\"w-100 d-md-none\" alt=\"Gamblerina banner mobile\" fetchpriority=\"high\" decoding=\"async\"><div class=\"banner-description\">\n<div class=\"banner-title\">Bonus di benvenuto<\/div>\n<p class=\"banner-header-title\">\u20ac1,500<\/p>\n<div class=\"banner-header-AdditionalText\">+ 250 Giri gratuiti<\/div>\n<button data-item=\"homepage_banner_link\" class=\"goto m-button m-gradient-border m-button--primary m-button--large banner-button btn-orange\">\n            <div class=\"m-button-content\">\n                <span>Iscriviti ora<\/span>\n                <span><\/span>\n            <\/div>\n        <\/button>\n<\/div>\n<div class=\"WelcomePack\">\n<p><img loading=\"lazy\" decoding=\"async\" class=\"alignnone size-full wp-image-1515\" src=\"https:\/\/gamble-rina.org\/wp-content\/uploads\/2026\/05\/welcome-crown.png\" alt=\"crown\" width=\"25\" height=\"26\" \/><\/p>\n<div class=\"WelcomePack-Info\">Cashback settimanale fino al 25%<\/div>\n<p><img loading=\"lazy\" decoding=\"async\" class=\"alignnone size-full wp-image-1515\" src=\"https:\/\/gamble-rina.org\/wp-content\/uploads\/2026\/05\/welcome-crown.png\" alt=\"crown\" width=\"25\" height=\"26\" \/><\/p>\n<\/div>\n<\/div><div class=\"scrollable-content-wrap my-5\"><div class=\"scrollable-content-inner\"><h2>Come iniziare su Gamblerina<\/h2>\n<p>Prima di poter utilizzare l&#8217;accesso a Gamblerina, devi creare un account. La registrazione \u00e8 semplice e richiede solo pochi minuti. Dopodich\u00e9, potrai utilizzare la piattaforma al completo.<\/p>\n<p>Quando ti registri, avrai accesso a:<\/p>\n<ul>\n<li>Libreria completa di giochi (oltre 6.000 titoli)<\/li>\n<li>Promozioni e bonus<\/li>\n<li>Depositi e prelievi<\/li>\n<li>Impostazioni del profilo personale<\/li>\n<li>Strumenti per il gioco responsabile<\/li>\n<\/ul>\n<h3>Come registrarsi<\/h3>\n<ol>\n<li>Per cominciare, basta cliccare sul pulsante &#8220;Registrati&#8221; nella homepage.<\/li>\n<li>Poi dovrai inserire il tuo indirizzo e-mail e creare una password.<\/li>\n<li>Dopodich\u00e9, dovrai confermare di avere pi\u00f9 di 18 anni e accettare i termini.<\/li>\n<li>Un&#8217;ultima cosa: clicca sul link di attivazione che ti abbiamo inviato via e-mail e il tuo account sar\u00e0 pronto all&#8217;uso.<\/li>\n<\/ol>\n<p>Una volta completata la procedura, il tuo account sar\u00e0 attivo e pronto all&#8217;uso.<\/p>\n<h2>Procedura di accesso a Gamblerina<\/h2>\n<p>La procedura di accesso a Gamblerina \u00e8 ancora pi\u00f9 semplice della registrazione. Ti servono solo le tue credenziali per accedere al tuo account. Per accedere, per prima cosa devi cliccare sul pulsante \u201cAccedi\u201d. Poi devi inserire l\u2019indirizzo email e la password registrati, confermare e accedere al tuo account.<\/p>\n<p>Dopo aver effettuato l&#8217;accesso, verrai reindirizzato alla tua dashboard. Questo \u00e8 il tuo centro di controllo principale, dove sono disponibili tutte le funzioni di Gamblerina Casino.<\/p>\n<p><img loading=\"lazy\" decoding=\"async\" src=\"https:\/\/gamble-rina.org\/wp-content\/uploads\/2026\/05\/Gamblerina-Login.webp\" alt=\"Gamblerina Login\" width=\"1248\" height=\"536\" \/><\/p>\n<h2>Cosa puoi fare dopo aver effettuato l&#8217;accesso<\/h2>\n<p>Il tuo account ti permette di gestire l&#8217;intera esperienza di gioco. Tutti gli strumenti e le funzionalit\u00e0 sono disponibili in un unico posto, quindi non devi andare a cercarli altrove.<\/p>\n<table>\n<tbody>\n<tr>\n<td>Funzionalit\u00e0<\/td>\n<td>Descrizione<\/td>\n<\/tr>\n<tr>\n<td>Libreria giochi<\/td>\n<td>Accedi a tutte le slot online, ai giochi da tavolo, al casin\u00f2 live e ai giochi istantanei<\/td>\n<\/tr>\n<tr>\n<td>Tornei<\/td>\n<td>Partecipa a qualsiasi evento disponibile<\/td>\n<\/tr>\n<tr>\n<td>Cronologia di gioco<\/td>\n<td>Rivedi le sessioni passate, le vincite e l&#8217;attivit\u00e0<\/td>\n<\/tr>\n<tr>\n<td>Impostazioni del profilo<\/td>\n<td>Aggiorna i dati personali e le preferenze<\/td>\n<\/tr>\n<tr>\n<td>Gioco responsabile<\/td>\n<td>Imposta dei limiti e controllo della tua attivit\u00e0<\/td>\n<\/tr>\n<tr>\n<td>Assistenza<\/td>\n<td>Contatta il team di assistenza multilingue tramite live chat o e-mail<\/td>\n<\/tr>\n<\/tbody>\n<\/table>\n<h2>Accesso da dispositivo mobile e desktop<\/h2>\n<p>Puoi effettuare l&#8217;accesso a Gamblerina da qualsiasi dispositivo. Il sistema funziona allo stesso modo su cellulare, tablet e desktop.<\/p>\n<p>Su dispositivo mobile, puoi effettuare l&#8217;accesso tramite il browser o utilizzare l&#8217;app web Gamble Rina Casino installata: in entrambi i casi, l&#8217;interfaccia funziona bene con il touch e rende la navigazione piuttosto veloce. Su desktop, hai a disposizione un layout pi\u00f9 ampio e qualche dettaglio in pi\u00f9. Tutto rimane sincronizzato, quindi cambiare dispositivo non significa perdere il punto in cui ti eri fermato.<\/p>\n<h3>Recupero password<\/h3>\n<p>Se dimentichi la password, puoi rientrare in un attimo. Il sistema offre un&#8217;opzione sicura per reimpostarla. Per reimpostare la password, basta aprire la pagina di accesso di Gamblerina e cliccare su \u201cHai dimenticato la password?\u201d. Poi dovrai inserire l&#8217;indirizzo e-mail con cui ti sei registrato. Ti invieremo un link di reimpostazione nella tua casella di posta: seguilo, crea una nuova password e il gioco \u00e8 fatto. Dopodich\u00e9 potrai accedere di nuovo senza problemi. Se hai difficolt\u00e0 a reimpostare la password o riscontri qualsiasi altro problema, contatta l&#8217;assistenza; siamo a tua disposizione 24 ore su 24, 7 giorni su 7.<\/p>\n<p>Problemi comuni di accesso e soluzioni<\/p>\n<p>La maggior parte dei problemi di accesso \u00e8 facile da risolvere. Ecco le situazioni pi\u00f9 comuni e cosa puoi fare:<\/p>\n<ul>\n<li>Se stai inserendo un indirizzo email o una password sbagliati, ricontrolla e riprova.<\/li>\n<li>Se la pagina non si carica, prova ad aggiornarla o a riavviare il browser.<\/li>\n<li>Se tutto \u00e8 lento, svuota la cache del browser.<\/li>\n<li>Se l&#8217;accesso sembra bloccato, disattiva la VPN e riprova.<\/li>\n<li>Se nulla funziona, il nostro team di assistenza \u00e8 pronto ad aiutarti in qualsiasi momento.<\/li>\n<\/ul>\n<h2>Sicurezza e protezione dell&#8217;account<\/h2>\n<p>Gamblerina Casino utilizza sistemi moderni per proteggere i tuoi dati personali. Tutto viene crittografato e monitorato in tempo reale. Questo impedisce accessi non autorizzati e frodi. Utilizziamo connessioni crittografate (tecnologia TLS) per proteggere tutti i dati sulla piattaforma. Inoltre, teniamo sempre d&#8217;occhio l&#8217;attivit\u00e0, nel caso in cui qualcosa sembri strano. Il sistema di sicurezza di Gamble Rina \u00e8 solido e, se lo desideri, puoi aggiungere l&#8217;autenticazione a due fattori al tuo profilo. Devi inoltre verificare il tuo account prima di poter prelevare qualsiasi importo.<\/p>\n<h3>Gestione e controllo delle sessioni<\/h3>\n<p>Puoi gestire le tue sessioni su Gamble Rina direttamente dal tuo account, il che ti aiuta a mantenere il controllo e rende il tuo profilo pi\u00f9 sicuro. Puoi vedere dove il tuo account \u00e8 attualmente connesso nella sezione Sessioni attive. Se vuoi, puoi terminare le sessioni su altri dispositivi con l&#8217;opzione di disconnessione. Puoi anche impostare dei limiti di tempo per controllare la durata di una sessione. Inoltre, riceverai notifiche su qualsiasi attivit\u00e0 dell&#8217;account. Questi strumenti ti permettono di vedere cosa sta succedendo e di avere il controllo sul tuo account Gamblerina Casino.<\/p>\n<h2>Domande frequenti<\/h2>\n<h3>Ho bisogno di un account per accedere?<\/h3>\n<p>S\u00ec, solo gli utenti registrati possono utilizzare Gamblerina Casino. Devi prima creare un account. Hai bisogno di un account per esplorare la nostra libreria di giochi. Tutto il resto sulla piattaforma si sblocca solo dopo aver creato un account.<\/p>\n<h3>Posso accedere da pi\u00f9 dispositivi?<\/h3>\n<p>S\u00ec, puoi utilizzare diversi dispositivi su Gamblerina Casino. I tuoi dati e i tuoi progressi verranno sincronizzati. Non perderai il tuo saldo, poich\u00e9 anche quello viene sincronizzato su tutti i dispositivi. Puoi effettuare l&#8217;accesso contemporaneamente dal tuo computer e dai tuoi dispositivi mobili.<\/p>\n<h3>\u00c8 richiesta la verifica prima dell&#8217;accesso?<\/h3>\n<p>Puoi accedere a Gamble Rina e iniziare a giocare senza verificare il tuo account. Tuttavia, per prelevare le tue vincite, devi completare il processo di verifica. Ci\u00f2 significa che devi verificare la tua identit\u00e0 caricando dei documenti personali.<\/p>\n<\/div><\/div><\/p>\n","protected":false},"excerpt":{"rendered":"<p>Accesso e registrazione all&#8217;account Gamblerina Gli utenti italian maggiorenni possono seguire la procedura di Gamblerina login. Il sistema di autorizzazione funziona sia nei browser che nell&#8217;app mobile. Puoi accedere al tuo account da qualsiasi dispositivo in qualsiasi momento. Il sistema protegge i tuoi dati e mantiene stabile la tua sessione. Una volta effettuato l&#8217;accesso, puoi [&hellip;]<\/p>\n","protected":false},"author":35,"featured_media":0,"parent":0,"menu_order":0,"comment_status":"closed","ping_status":"closed","template":"template-builder.php","meta":{"_acf_changed":false,"inline_featured_image":false,"footnotes":""},"class_list":["post-1756","page","type-page","status-publish","hentry"],"acf":[],"yoast_head":"<!-- This site is optimized with the Yoast SEO plugin v27.3 - https:\/\/yoast.com\/product\/yoast-seo-wordpress\/ -->\n<title>Gamblerina Casino \u2013 Login e registrati<\/title>\n<meta name=\"description\" content=\"Accedi a Gamblerina o crea il tuo account. Gestisci la verifica, il recupero della password e la chiusura dell&#039;account in modo rapido e sicuro su Gamblerina.\" \/>\n<meta name=\"robots\" content=\"index, follow, max-snippet:-1, max-image-preview:large, max-video-preview:-1\" \/>\n<link rel=\"canonical\" href=\"https:\/\/gamble-rina.org\/it\/accesso-e-registrazione\/\" \/>\n<meta property=\"og:locale\" content=\"it_IT\" \/>\n<meta property=\"og:type\" content=\"article\" \/>\n<meta property=\"og:title\" content=\"Gamblerina Casino \u2013 Login e registrati\" \/>\n<meta property=\"og:description\" content=\"Accedi a Gamblerina o crea il tuo account. Gestisci la verifica, il recupero della password e la chiusura dell&#039;account in modo rapido e sicuro su Gamblerina.\" \/>\n<meta property=\"og:url\" content=\"https:\/\/gamble-rina.org\/it\/accesso-e-registrazione\/\" \/>\n<meta property=\"og:site_name\" content=\"Gamblerina\" \/>\n<meta property=\"article:modified_time\" content=\"2026-05-13T14:41:31+00:00\" \/>\n<meta name=\"twitter:card\" content=\"summary_large_image\" \/>\n<meta name=\"twitter:label1\" content=\"Tempo di lettura stimato\" \/>\n\t<meta name=\"twitter:data1\" content=\"1 minuto\" \/>\n<script type=\"application\/ld+json\" class=\"yoast-schema-graph\">{\"@context\":\"https:\\\/\\\/schema.org\",\"@graph\":[{\"@type\":\"WebPage\",\"@id\":\"https:\\\/\\\/gamble-rina.org\\\/it\\\/accesso-e-registrazione\\\/\",\"url\":\"https:\\\/\\\/gamble-rina.org\\\/it\\\/accesso-e-registrazione\\\/\",\"name\":\"Gamblerina Casino \u2013 Login e registrati\",\"isPartOf\":{\"@id\":\"https:\\\/\\\/gamble-rina.org\\\/it\\\/#website\"},\"datePublished\":\"2026-05-13T12:32:42+00:00\",\"dateModified\":\"2026-05-13T14:41:31+00:00\",\"description\":\"Accedi a Gamblerina o crea il tuo account. Gestisci la verifica, il recupero della password e la chiusura dell'account in modo rapido e sicuro su Gamblerina.\",\"breadcrumb\":{\"@id\":\"https:\\\/\\\/gamble-rina.org\\\/it\\\/accesso-e-registrazione\\\/#breadcrumb\"},\"inLanguage\":\"it-IT\",\"potentialAction\":[{\"@type\":\"ReadAction\",\"target\":[\"https:\\\/\\\/gamble-rina.org\\\/it\\\/accesso-e-registrazione\\\/\"]}]},{\"@type\":\"BreadcrumbList\",\"@id\":\"https:\\\/\\\/gamble-rina.org\\\/it\\\/accesso-e-registrazione\\\/#breadcrumb\",\"itemListElement\":[{\"@type\":\"ListItem\",\"position\":1,\"name\":\"Gamblerina\",\"item\":\"https:\\\/\\\/gamble-rina.org\\\/it\\\/\"},{\"@type\":\"ListItem\",\"position\":2,\"name\":\"Accesso e registrazione\"}]},{\"@type\":\"WebSite\",\"@id\":\"https:\\\/\\\/gamble-rina.org\\\/it\\\/#website\",\"url\":\"https:\\\/\\\/gamble-rina.org\\\/it\\\/\",\"name\":\"Gamblerina\",\"description\":\"\",\"publisher\":{\"@id\":\"https:\\\/\\\/gamble-rina.org\\\/it\\\/#organization\"},\"potentialAction\":[{\"@type\":\"SearchAction\",\"target\":{\"@type\":\"EntryPoint\",\"urlTemplate\":\"https:\\\/\\\/gamble-rina.org\\\/it\\\/?s={search_term_string}\"},\"query-input\":{\"@type\":\"PropertyValueSpecification\",\"valueRequired\":true,\"valueName\":\"search_term_string\"}}],\"inLanguage\":\"it-IT\"},{\"@type\":\"Organization\",\"@id\":\"https:\\\/\\\/gamble-rina.org\\\/it\\\/#organization\",\"name\":\"Gamblerina\",\"url\":\"https:\\\/\\\/gamble-rina.org\\\/it\\\/\",\"logo\":{\"@type\":\"ImageObject\",\"inLanguage\":\"it-IT\",\"@id\":\"https:\\\/\\\/gamble-rina.org\\\/it\\\/#\\\/schema\\\/logo\\\/image\\\/\",\"url\":\"https:\\\/\\\/gamble-rina.org\\\/wp-content\\\/uploads\\\/2026\\\/05\\\/Gamblerina-logo.png\",\"contentUrl\":\"https:\\\/\\\/gamble-rina.org\\\/wp-content\\\/uploads\\\/2026\\\/05\\\/Gamblerina-logo.png\",\"width\":196,\"height\":40,\"caption\":\"Gamblerina\"},\"image\":{\"@id\":\"https:\\\/\\\/gamble-rina.org\\\/it\\\/#\\\/schema\\\/logo\\\/image\\\/\"}}]}<\/script>\n<!-- \/ Yoast SEO plugin. -->","yoast_head_json":{"title":"Gamblerina Casino \u2013 Login e registrati","description":"Accedi a Gamblerina o crea il tuo account. Gestisci la verifica, il recupero della password e la chiusura dell'account in modo rapido e sicuro su Gamblerina.","robots":{"index":"index","follow":"follow","max-snippet":"max-snippet:-1","max-image-preview":"max-image-preview:large","max-video-preview":"max-video-preview:-1"},"canonical":"https:\/\/gamble-rina.org\/it\/accesso-e-registrazione\/","og_locale":"it_IT","og_type":"article","og_title":"Gamblerina Casino \u2013 Login e registrati","og_description":"Accedi a Gamblerina o crea il tuo account. Gestisci la verifica, il recupero della password e la chiusura dell'account in modo rapido e sicuro su Gamblerina.","og_url":"https:\/\/gamble-rina.org\/it\/accesso-e-registrazione\/","og_site_name":"Gamblerina","article_modified_time":"2026-05-13T14:41:31+00:00","twitter_card":"summary_large_image","twitter_misc":{"Tempo di lettura stimato":"1 minuto"},"schema":{"@context":"https:\/\/schema.org","@graph":[{"@type":"WebPage","@id":"https:\/\/gamble-rina.org\/it\/accesso-e-registrazione\/","url":"https:\/\/gamble-rina.org\/it\/accesso-e-registrazione\/","name":"Gamblerina Casino \u2013 Login e registrati","isPartOf":{"@id":"https:\/\/gamble-rina.org\/it\/#website"},"datePublished":"2026-05-13T12:32:42+00:00","dateModified":"2026-05-13T14:41:31+00:00","description":"Accedi a Gamblerina o crea il tuo account. Gestisci la verifica, il recupero della password e la chiusura dell'account in modo rapido e sicuro su Gamblerina.","breadcrumb":{"@id":"https:\/\/gamble-rina.org\/it\/accesso-e-registrazione\/#breadcrumb"},"inLanguage":"it-IT","potentialAction":[{"@type":"ReadAction","target":["https:\/\/gamble-rina.org\/it\/accesso-e-registrazione\/"]}]},{"@type":"BreadcrumbList","@id":"https:\/\/gamble-rina.org\/it\/accesso-e-registrazione\/#breadcrumb","itemListElement":[{"@type":"ListItem","position":1,"name":"Gamblerina","item":"https:\/\/gamble-rina.org\/it\/"},{"@type":"ListItem","position":2,"name":"Accesso e registrazione"}]},{"@type":"WebSite","@id":"https:\/\/gamble-rina.org\/it\/#website","url":"https:\/\/gamble-rina.org\/it\/","name":"Gamblerina","description":"","publisher":{"@id":"https:\/\/gamble-rina.org\/it\/#organization"},"potentialAction":[{"@type":"SearchAction","target":{"@type":"EntryPoint","urlTemplate":"https:\/\/gamble-rina.org\/it\/?s={search_term_string}"},"query-input":{"@type":"PropertyValueSpecification","valueRequired":true,"valueName":"search_term_string"}}],"inLanguage":"it-IT"},{"@type":"Organization","@id":"https:\/\/gamble-rina.org\/it\/#organization","name":"Gamblerina","url":"https:\/\/gamble-rina.org\/it\/","logo":{"@type":"ImageObject","inLanguage":"it-IT","@id":"https:\/\/gamble-rina.org\/it\/#\/schema\/logo\/image\/","url":"https:\/\/gamble-rina.org\/wp-content\/uploads\/2026\/05\/Gamblerina-logo.png","contentUrl":"https:\/\/gamble-rina.org\/wp-content\/uploads\/2026\/05\/Gamblerina-logo.png","width":196,"height":40,"caption":"Gamblerina"},"image":{"@id":"https:\/\/gamble-rina.org\/it\/#\/schema\/logo\/image\/"}}]}},"_links":{"self":[{"href":"https:\/\/gamble-rina.org\/it\/wp-json\/wp\/v2\/pages\/1756","targetHints":{"allow":["GET"]}}],"collection":[{"href":"https:\/\/gamble-rina.org\/it\/wp-json\/wp\/v2\/pages"}],"about":[{"href":"https:\/\/gamble-rina.org\/it\/wp-json\/wp\/v2\/types\/page"}],"author":[{"embeddable":true,"href":"https:\/\/gamble-rina.org\/it\/wp-json\/wp\/v2\/users\/35"}],"replies":[{"embeddable":true,"href":"https:\/\/gamble-rina.org\/it\/wp-json\/wp\/v2\/comments?post=1756"}],"version-history":[{"count":1,"href":"https:\/\/gamble-rina.org\/it\/wp-json\/wp\/v2\/pages\/1756\/revisions"}],"predecessor-version":[{"id":1958,"href":"https:\/\/gamble-rina.org\/it\/wp-json\/wp\/v2\/pages\/1756\/revisions\/1958"}],"wp:attachment":[{"href":"https:\/\/gamble-rina.org\/it\/wp-json\/wp\/v2\/media?parent=1756"}],"curies":[{"name":"wp","href":"https:\/\/api.w.org\/{rel}","templated":true}]}}