{"id":1719,"date":"2026-05-13T13:29:02","date_gmt":"2026-05-13T12:29:02","guid":{"rendered":"https:\/\/gamble-rina.org\/app\/"},"modified":"2026-05-13T16:17:23","modified_gmt":"2026-05-13T15:17:23","slug":"aplikacja","status":"publish","type":"page","link":"https:\/\/gamble-rina.org\/pl\/aplikacja\/","title":{"rendered":"Aplikacja"},"content":{"rendered":"<h1>Platforma mobilna Gamblerina<\/h1>\n<p>Gamblerina app zapewnia polskim u\u017cytkownikom pe\u0142ny dost\u0119p do platformy. Dzia\u0142a p\u0142ynnie zar\u00f3wno na Androidzie, jak i iOS, a nie musisz pobiera\u0107 \u017cadnych dodatkowych plik\u00f3w. Wszystkie gry i narz\u0119dzia do obs\u0142ugi konta s\u0105 w jednym miejscu. Mo\u017cesz zainstalowa\u0107 aplikacj\u0119 w zaledwie kilku krokach i zacz\u0105\u0107 gra\u0107 w dowolnym momencie. Uk\u0142ad jest przejrzysty i dostosowuje si\u0119 do ka\u017cdego ekranu, wi\u0119c \u0142atwo jest gra\u0107 z dowolnego miejsca.<\/p>\n<p><div class=\"banner-wrap\" aria-label=\"Banner\"><img src=\"https:\/\/gamble-rina.org\/wp-content\/uploads\/2026\/05\/Gamblerina-banner-carousel-800\u0445400.webp\" class=\"w-100 d-none d-lg-block img-pc main-banner-img\" alt=\"Gamblerina banner desktop\" fetchpriority=\"high\" decoding=\"async\"><img src=\"https:\/\/gamble-rina.org\/wp-content\/uploads\/2026\/05\/gamblerina-banner-mobile.webp\" class=\"w-100 d-none d-md-block d-lg-none main-banner-img\" alt=\"Gamblerina banner mobile\" fetchpriority=\"high\" decoding=\"async\"><img src=\"https:\/\/gamble-rina.org\/wp-content\/uploads\/2026\/05\/gamblerina-banner-mobile.webp\" class=\"w-100 d-md-none\" alt=\"Gamblerina banner mobile\" fetchpriority=\"high\" decoding=\"async\"><div class=\"banner-description\">\n<div class=\"banner-title\">Bonusy powitalne<\/div>\n<p class=\"banner-header-title\">\u20ac1,500<\/p>\n<div class=\"banner-header-AdditionalText\">+ 250 Darmowe spiny<\/div>\n<button data-item=\"homepage_banner_link\" class=\"goto m-button m-gradient-border m-button--primary m-button--large banner-button btn-orange\">\n            <div class=\"m-button-content\">\n                <span>Zarejestruj si\u0119 teraz<\/span>\n                <span><\/span>\n            <\/div>\n        <\/button>\n<\/div>\n<div class=\"WelcomePack\">\n<p><img loading=\"lazy\" decoding=\"async\" class=\"alignnone size-full wp-image-1515\" src=\"https:\/\/gamble-rina.org\/wp-content\/uploads\/2026\/05\/welcome-crown.png\" alt=\"crown\" width=\"25\" height=\"26\" \/><\/p>\n<div class=\"WelcomePack-Info\">Cotygodniowy zwrot got\u00f3wki do 25%<\/div>\n<p><img loading=\"lazy\" decoding=\"async\" class=\"alignnone size-full wp-image-1515\" src=\"https:\/\/gamble-rina.org\/wp-content\/uploads\/2026\/05\/welcome-crown.png\" alt=\"crown\" width=\"25\" height=\"26\" \/><\/p>\n<\/div>\n<\/div><div class=\"scrollable-content-wrap my-5\"><div class=\"scrollable-content-inner\"><h2>iOS: Graj na iPhonie i iPadzie<\/h2>\n<p>Nasze oprogramowanie mobilne dzia\u0142a na ka\u017cdym urz\u0105dzeniu z systemem iOS. Aplikacja Gamblerina dzia\u0142a bezpo\u015brednio w przegl\u0105darce Safari jako skr\u00f3t szybkiego dost\u0119pu. Nie musisz odwiedza\u0107 App Store ani instalowa\u0107 du\u017cych plik\u00f3w. Platforma \u0142aduje si\u0119 szybko i dzia\u0142a stabilnie na wszystkich urz\u0105dzeniach z systemem iOS.<\/p>\n<p>Kluczow\u0105 funkcj\u0105 aplikacji Gamblerina s\u0105 powiadomienia. B\u0119dziesz otrzymywa\u0107 aktualizacje dotycz\u0105ce bonus\u00f3w, turniej\u00f3w, nowych gier \u2013 wszystkiego, czego nie chcesz przegapi\u0107. Ma\u0142a ikona aplikacji znajduje si\u0119 na ekranie g\u0142\u00f3wnym, wi\u0119c jedno dotkni\u0119cie otwiera mobilne kasyno i bez \u017cadnych op\u00f3\u017anie\u0144 wracasz do gry. Nasza aplikacja wykorzystuje bezpieczne szyfrowanie i sprawdzone systemy ochrony, aby zapewni\u0107 bezpiecze\u0144stwo wszystkich danych i transakcji.<\/p>\n<h3>Jak zainstalowa\u0107 na iOS<\/h3>\n<ol>\n<li>Na pocz\u0105tek otw\u00f3rz stron\u0119 kasyna Gamble Rina w przegl\u0105darce Safari.<\/li>\n<li>Nast\u0119pnie musisz klikn\u0105\u0107 ikon\u0119 \u201eUdost\u0119pnij\u201d i wybra\u0107 \u201eDodaj do ekranu g\u0142\u00f3wnego\u201d.<\/li>\n<li>Na koniec potwierd\u017a, klikaj\u0105c \u201eDodaj\u201d.<\/li>\n<\/ol>\n<p><img loading=\"lazy\" decoding=\"async\" src=\"https:\/\/gamble-rina.org\/wp-content\/uploads\/2026\/05\/Gamblerina-iOS-App.webp\" alt=\"Gamblerina iOS App\" width=\"1248\" height=\"536\" \/><\/p>\n<\/div><\/div><div style=\"clear: both\"><\/div><div class=\"d-flex justify-content-center\"><button data-item=\"decouvrez_link\" data-group=\"website_links\" class=\"goto fw-bold rounded-pill btn btn-orange\" aria-label=\"Pobierz aplikacj\u0119 Gamblerina\" >Pobierz aplikacj\u0119 Gamblerina<\/button><\/div><div class=\"scrollable-content-wrap my-5\"><div class=\"scrollable-content-inner\"><h2>Dost\u0119p z komputera na Windows i macOS<\/h2>\n<p>Obs\u0142ugujemy r\u00f3wnie\u017c dost\u0119p z komputera stacjonarnego za po\u015brednictwem przegl\u0105darki. Mo\u017cesz korzysta\u0107 z mobilnej wersji kasyna Gamblerina na systemach Windows i macOS bez pobierania dodatkowych plik\u00f3w. Platform\u0119 mo\u017cna zapisa\u0107 jako skr\u00f3t na pulpicie, kt\u00f3ry dzia\u0142a jak aplikacja i zapewnia dost\u0119p jednym klikni\u0119ciem.<\/p>\n<p>Wersja kasyna Gamblerina na komputery stacjonarne jest zoptymalizowana pod k\u0105tem wi\u0119kszych ekran\u00f3w. Oferuje przejrzyst\u0105 nawigacj\u0119 i wysokiej jako\u015bci grafik\u0119. Masz dost\u0119p do wszystkich funkcji: gier, p\u0142atno\u015bci, procesu weryfikacji, ustawie\u0144 konta. To dobry wyb\u00f3r, je\u015bli lubisz mie\u0107 wi\u0119cej miejsca na ekranie i nie przeszkadza ci nieco wi\u0119ksza szczeg\u00f3\u0142owo\u015b\u0107. Mo\u017cesz utworzy\u0107 skr\u00f3t na pulpicie do Gamblerina: dzi\u0119ki temu strona zamienia si\u0119 w ma\u0142\u0105 aplikacj\u0119 internetow\u0105. Jedno klikni\u0119cie i jeste\u015b w \u015brodku. Nie musisz przeszukiwa\u0107 zak\u0142adek ani wpisywa\u0107 adres\u00f3w URL.<\/p>\n<p><img loading=\"lazy\" decoding=\"async\" src=\"https:\/\/gamble-rina.org\/wp-content\/uploads\/2026\/05\/Gamblerina-Desktop.webp\" alt=\"Gamblerina Desktop\" width=\"1248\" height=\"536\" \/><\/p>\n<\/div><\/div><div style=\"clear: both\"><\/div><div class=\"d-flex justify-content-center\"><button data-item=\"decouvrez_link\" data-group=\"website_links\" class=\"goto fw-bold rounded-pill btn btn-orange\" aria-label=\"Pobierz Gamblerina\" >Pobierz Gamblerina<\/button><\/div><div class=\"scrollable-content-wrap my-5\"><div class=\"scrollable-content-inner\"><h2>Dost\u0119p na urz\u0105dzeniach z systemem Android<\/h2>\n<p>Aplikacja Gamblerina dzia\u0142a na wszystkich urz\u0105dzeniach z systemem Android jako nowoczesna progresywna aplikacja internetowa (PWA). Nasza PWA dzia\u0142a na ka\u017cdym urz\u0105dzeniu z Androidem. Nie musisz pobiera\u0107 plik\u00f3w APK ani instalowa\u0107 oprogramowania innych firm. Aplikacja instaluje si\u0119 bezpo\u015brednio z przegl\u0105darki i prawie nie zajmuje miejsca na Twoim urz\u0105dzeniu. Oprogramowanie mobilne dzia\u0142a szybko i zapewnia stabilne po\u0142\u0105czenie, dzi\u0119ki czemu mo\u017cesz gra\u0107 w dowolnym momencie bez ogranicze\u0144.<\/p>\n<p>System Gamblerina uruchamia si\u0119 natychmiast i zawsze dzia\u0142a w najnowszej wersji, wi\u0119c nie s\u0105 potrzebne \u017cadne r\u0119czne aktualizacje. Otrzymujesz te\u017c powiadomienia o aktualizacjach, promocjach i wydarzeniach. Dzi\u0119ki temu jeste\u015b na bie\u017c\u0105co, bez konieczno\u015bci samodzielnego sprawdzania strony.<\/p>\n<p><img loading=\"lazy\" decoding=\"async\" src=\"https:\/\/gamble-rina.org\/wp-content\/uploads\/2026\/05\/Gamblerina-Android-App.webp\" alt=\"Gamblerina Android App\" width=\"1248\" height=\"536\" \/><\/p>\n<\/div><\/div><div style=\"clear: both\"><\/div><div class=\"d-flex justify-content-center\"><button data-item=\"decouvrez_link\" data-group=\"website_links\" class=\"goto fw-bold rounded-pill btn btn-orange\" aria-label=\"Pobierz aplikacj\u0119 Gamblerina\" >Pobierz aplikacj\u0119 Gamblerina<\/button><\/div><div class=\"scrollable-content-wrap my-5\"><div class=\"scrollable-content-inner\"><h2>Najwa\u017cniejsze cechy i zalety<\/h2>\n<p>W kasynie Gamblerina masz wyb\u00f3r. Je\u015bli grasz w podr\u00f3\u017cy, mo\u017cesz wybra\u0107 mi\u0119dzy wersj\u0105 przegl\u0105darkow\u0105 a nasz\u0105 dedykowan\u0105 aplikacj\u0105. Zalet\u0105 gry na komputerze jest du\u017cy ekran, podczas gdy aplikacja mobilna stawia na szybko\u015b\u0107 i mobilno\u015b\u0107. Obie opcje oferuj\u0105 pe\u0142n\u0105 funkcjonalno\u015b\u0107. Oznacza to, \u017ce ponad 6.000 gier \u2013 popularne automaty online, gry sto\u0142owe i wszystko inne \u2013 jest dost\u0119pne od razu.<\/p>\n<p>Aby korzysta\u0107 z aplikacji, musisz si\u0119 zarejestrowa\u0107. Je\u015bli jednak nie masz jeszcze konta, mo\u017cesz je za\u0142o\u017cy\u0107 bezpo\u015brednio w mobilnej wersji Gamblerina. Proces jest taki sam jak na komputerze. Gdy tylko zalogujesz si\u0119 na to samo konto z r\u00f3\u017cnych urz\u0105dze\u0144, Twoje saldo i post\u0119py zostan\u0105 zsynchronizowane.<\/p>\n<table>\n<tbody>\n<tr>\n<td>Funkcja<\/td>\n<td>Co to oznacza<\/td>\n<\/tr>\n<tr>\n<td>Szybkie \u0142adowanie<\/td>\n<td>Gry i strony otwieraj\u0105 si\u0119 szybko, nawet przy wolniejszych po\u0142\u0105czeniach<\/td>\n<\/tr>\n<tr>\n<td>Nie trzeba niczego pobiera\u0107<\/td>\n<td>Wejd\u017a do kasyna od razu z przegl\u0105darki, dodaj skr\u00f3t na ekran g\u0142\u00f3wny<\/td>\n<\/tr>\n<tr>\n<td>Projekt zoptymalizowany pod k\u0105tem urz\u0105dze\u0144 mobilnych<\/td>\n<td>Dzia\u0142a bez problem\u00f3w na telefonie, tablecie lub komputerze<\/td>\n<\/tr>\n<tr>\n<td>Powiadomienia push<\/td>\n<td>Otrzymuj powiadomienia o nowo\u015bciach i wydarzeniach<\/td>\n<\/tr>\n<tr>\n<td>Wygoda p\u0142atno\u015bci<\/td>\n<td>Wp\u0142acaj i wyp\u0142acaj pieni\u0105dze bezpo\u015brednio w aplikacji<\/td>\n<\/tr>\n<\/tbody>\n<\/table>\n<h2>Wskaz\u00f3wki dotycz\u0105ce rozwi\u0105zywania problem\u00f3w<\/h2>\n<p>Je\u015bli napotkasz problemy w kasynie Gamble Rina, wi\u0119kszo\u015b\u0107 z nich mo\u017cna szybko rozwi\u0105za\u0107:<\/p>\n<ul>\n<li>Sprawd\u017a po\u0142\u0105czenie internetowe<\/li>\n<li>Od\u015bwie\u017c stron\u0119 lub zrestartuj urz\u0105dzenie<\/li>\n<li>Wyczy\u015b\u0107 pami\u0119\u0107 podr\u0119czn\u0105 przegl\u0105darki<\/li>\n<li>Wyloguj si\u0119 i zaloguj ponownie<\/li>\n<\/ul>\n<p>Je\u015bli problem nadal wyst\u0119puje, nasz wieloj\u0119zyczny zesp\u00f3\u0142 pomocy technicznej jest dost\u0119pny 24\/7 przez czat na \u017cywo lub e-mail. Szybko odpowiadamy i pomagamy rozwi\u0105za\u0107 ka\u017cdy problem.<\/p>\n<h2>FAQ<\/h2>\n<h3>Czy aplikacja dzia\u0142a na starszych urz\u0105dzeniach?<\/h3>\n<p>Tak, aplikacja Gamblerina dzia\u0142a na wi\u0119kszo\u015bci smartfon\u00f3w obs\u0142uguj\u0105cych nowoczesne przegl\u0105darki. W przypadku naszej nowoczesnej, progresywnej aplikacji internetowej najwa\u017cniejsze jest stabilne po\u0142\u0105czenie z internetem. Nie wymaga ona pobierania du\u017cych plik\u00f3w ani odwiedzania sklep\u00f3w z aplikacjami. Je\u015bli wi\u0119c Twoje urz\u0105dzenie z systemem Android ma po\u0142\u0105czenie z internetem, aplikacja internetowa b\u0119dzie dzia\u0142a\u0107.<\/p>\n<h3>Czy wszystkie gry s\u0105 dost\u0119pne w aplikacji?<\/h3>\n<p>Tak, dost\u0119pna jest pe\u0142na biblioteka gier. Ca\u0142a zawarto\u015b\u0107 jest zsynchronizowana z wersj\u0105 na komputery stacjonarne. W naszej aplikacji mobilnej znajdziesz ka\u017cd\u0105 gr\u0119 z biblioteki kasyna Gamblerina. Wszystkie gry s\u0105 zoptymalizowane pod k\u0105tem urz\u0105dze\u0144 mobilnych i szybko si\u0119 \u0142aduj\u0105. Rozgrywka jest dok\u0142adnie taka sama jak w wersji na PC.<\/p>\n<h3>Czy mog\u0119 korzysta\u0107 z bonus\u00f3w w aplikacji Gamblerina?<\/h3>\n<p>Tak, w wersji mobilnej mo\u017cesz korzysta\u0107 z promocji Gamblerina. Tutaj masz dost\u0119p do absolutnie wszystkiego, co jest dost\u0119pne w wersji na komputery stacjonarne. Mo\u017cesz aktywowa\u0107 ka\u017cdy dost\u0119pny bonus. Warunki pozostaj\u0105 takie same.<\/p>\n<h3>Czy moje dane s\u0105 bezpieczne w aplikacji mobilnej?<\/h3>\n<p>Tak, nasza aplikacja internetowa dzia\u0142a przez przegl\u0105dark\u0119, wi\u0119c korzysta ze wszystkich zabezpiecze\u0144 platformy. Kasyno Gamblerina u\u017cywa nowoczesnego szyfrowania i bezpiecznych system\u00f3w, \u017ceby chroni\u0107 wszystkie dane osobowe i finansowe. Platforma przestrzega surowych standard\u00f3w bezpiecze\u0144stwa, \u017ceby zapewni\u0107 bezpieczn\u0105 rozgrywk\u0119.<\/p>\n<\/div><\/div><\/p>\n","protected":false},"excerpt":{"rendered":"<p>Platforma mobilna Gamblerina Gamblerina app zapewnia polskim u\u017cytkownikom pe\u0142ny dost\u0119p do platformy. Dzia\u0142a p\u0142ynnie zar\u00f3wno na Androidzie, jak i iOS, a nie musisz pobiera\u0107 \u017cadnych dodatkowych plik\u00f3w. Wszystkie gry i narz\u0119dzia do obs\u0142ugi konta s\u0105 w jednym miejscu. Mo\u017cesz zainstalowa\u0107 aplikacj\u0119 w zaledwie kilku krokach i zacz\u0105\u0107 gra\u0107 w dowolnym momencie. Uk\u0142ad jest przejrzysty i [&hellip;]<\/p>\n","protected":false},"author":35,"featured_media":0,"parent":0,"menu_order":0,"comment_status":"closed","ping_status":"closed","template":"template-builder.php","meta":{"_acf_changed":false,"inline_featured_image":false,"footnotes":""},"class_list":["post-1719","page","type-page","status-publish","hentry"],"acf":[],"yoast_head":"<!-- This site is optimized with the Yoast SEO plugin v27.3 - https:\/\/yoast.com\/product\/yoast-seo-wordpress\/ -->\n<title>Gamblerina App \u2013 pobierz na iOS i Androida<\/title>\n<meta name=\"description\" content=\"Zainstaluj aplikacj\u0119 Gamblerina na urz\u0105dzenia z systemem iOS, Android, Windows i macOS, aby gra\u0107 w pe\u0142n\u0105 wersj\u0119 kasyna gdziekolwiek jeste\u015b. Synchronizacja kont, cz\u0119ste aktualizacje i pomoc techniczna w aplikacji \u2013 wszystko to znajdziesz w aplikacji Gamblerina.\" \/>\n<meta name=\"robots\" content=\"index, follow, max-snippet:-1, max-image-preview:large, max-video-preview:-1\" \/>\n<link rel=\"canonical\" href=\"https:\/\/gamble-rina.org\/pl\/aplikacja\/\" \/>\n<meta property=\"og:locale\" content=\"pl_PL\" \/>\n<meta property=\"og:type\" content=\"article\" \/>\n<meta property=\"og:title\" content=\"Gamblerina App \u2013 pobierz na iOS i Androida\" \/>\n<meta property=\"og:description\" content=\"Zainstaluj aplikacj\u0119 Gamblerina na urz\u0105dzenia z systemem iOS, Android, Windows i macOS, aby gra\u0107 w pe\u0142n\u0105 wersj\u0119 kasyna gdziekolwiek jeste\u015b. Synchronizacja kont, cz\u0119ste aktualizacje i pomoc techniczna w aplikacji \u2013 wszystko to znajdziesz w aplikacji Gamblerina.\" \/>\n<meta property=\"og:url\" content=\"https:\/\/gamble-rina.org\/pl\/aplikacja\/\" \/>\n<meta property=\"og:site_name\" content=\"Gamblerina\" \/>\n<meta property=\"article:modified_time\" content=\"2026-05-13T15:17:23+00:00\" \/>\n<meta name=\"twitter:card\" content=\"summary_large_image\" \/>\n<meta name=\"twitter:label1\" content=\"Szacowany czas czytania\" \/>\n\t<meta name=\"twitter:data1\" content=\"1 minuta\" \/>\n<script type=\"application\/ld+json\" class=\"yoast-schema-graph\">{\"@context\":\"https:\\\/\\\/schema.org\",\"@graph\":[{\"@type\":\"WebPage\",\"@id\":\"https:\\\/\\\/gamble-rina.org\\\/pl\\\/aplikacja\\\/\",\"url\":\"https:\\\/\\\/gamble-rina.org\\\/pl\\\/aplikacja\\\/\",\"name\":\"Gamblerina App \u2013 pobierz na iOS i Androida\",\"isPartOf\":{\"@id\":\"https:\\\/\\\/gamble-rina.org\\\/pl\\\/#website\"},\"datePublished\":\"2026-05-13T12:29:02+00:00\",\"dateModified\":\"2026-05-13T15:17:23+00:00\",\"description\":\"Zainstaluj aplikacj\u0119 Gamblerina na urz\u0105dzenia z systemem iOS, Android, Windows i macOS, aby gra\u0107 w pe\u0142n\u0105 wersj\u0119 kasyna gdziekolwiek jeste\u015b. Synchronizacja kont, cz\u0119ste aktualizacje i pomoc techniczna w aplikacji \u2013 wszystko to znajdziesz w aplikacji Gamblerina.\",\"breadcrumb\":{\"@id\":\"https:\\\/\\\/gamble-rina.org\\\/pl\\\/aplikacja\\\/#breadcrumb\"},\"inLanguage\":\"pl-PL\",\"potentialAction\":[{\"@type\":\"ReadAction\",\"target\":[\"https:\\\/\\\/gamble-rina.org\\\/pl\\\/aplikacja\\\/\"]}]},{\"@type\":\"BreadcrumbList\",\"@id\":\"https:\\\/\\\/gamble-rina.org\\\/pl\\\/aplikacja\\\/#breadcrumb\",\"itemListElement\":[{\"@type\":\"ListItem\",\"position\":1,\"name\":\"Gamblerina\",\"item\":\"https:\\\/\\\/gamble-rina.org\\\/pl\\\/\"},{\"@type\":\"ListItem\",\"position\":2,\"name\":\"Aplikacja\"}]},{\"@type\":\"WebSite\",\"@id\":\"https:\\\/\\\/gamble-rina.org\\\/pl\\\/#website\",\"url\":\"https:\\\/\\\/gamble-rina.org\\\/pl\\\/\",\"name\":\"Gamblerina\",\"description\":\"\",\"publisher\":{\"@id\":\"https:\\\/\\\/gamble-rina.org\\\/pl\\\/#organization\"},\"potentialAction\":[{\"@type\":\"SearchAction\",\"target\":{\"@type\":\"EntryPoint\",\"urlTemplate\":\"https:\\\/\\\/gamble-rina.org\\\/pl\\\/?s={search_term_string}\"},\"query-input\":{\"@type\":\"PropertyValueSpecification\",\"valueRequired\":true,\"valueName\":\"search_term_string\"}}],\"inLanguage\":\"pl-PL\"},{\"@type\":\"Organization\",\"@id\":\"https:\\\/\\\/gamble-rina.org\\\/pl\\\/#organization\",\"name\":\"Gamblerina\",\"url\":\"https:\\\/\\\/gamble-rina.org\\\/pl\\\/\",\"logo\":{\"@type\":\"ImageObject\",\"inLanguage\":\"pl-PL\",\"@id\":\"https:\\\/\\\/gamble-rina.org\\\/pl\\\/#\\\/schema\\\/logo\\\/image\\\/\",\"url\":\"https:\\\/\\\/gamble-rina.org\\\/wp-content\\\/uploads\\\/2026\\\/05\\\/Gamblerina-logo.png\",\"contentUrl\":\"https:\\\/\\\/gamble-rina.org\\\/wp-content\\\/uploads\\\/2026\\\/05\\\/Gamblerina-logo.png\",\"width\":196,\"height\":40,\"caption\":\"Gamblerina\"},\"image\":{\"@id\":\"https:\\\/\\\/gamble-rina.org\\\/pl\\\/#\\\/schema\\\/logo\\\/image\\\/\"}}]}<\/script>\n<!-- \/ Yoast SEO plugin. -->","yoast_head_json":{"title":"Gamblerina App \u2013 pobierz na iOS i Androida","description":"Zainstaluj aplikacj\u0119 Gamblerina na urz\u0105dzenia z systemem iOS, Android, Windows i macOS, aby gra\u0107 w pe\u0142n\u0105 wersj\u0119 kasyna gdziekolwiek jeste\u015b. Synchronizacja kont, cz\u0119ste aktualizacje i pomoc techniczna w aplikacji \u2013 wszystko to znajdziesz w aplikacji Gamblerina.","robots":{"index":"index","follow":"follow","max-snippet":"max-snippet:-1","max-image-preview":"max-image-preview:large","max-video-preview":"max-video-preview:-1"},"canonical":"https:\/\/gamble-rina.org\/pl\/aplikacja\/","og_locale":"pl_PL","og_type":"article","og_title":"Gamblerina App \u2013 pobierz na iOS i Androida","og_description":"Zainstaluj aplikacj\u0119 Gamblerina na urz\u0105dzenia z systemem iOS, Android, Windows i macOS, aby gra\u0107 w pe\u0142n\u0105 wersj\u0119 kasyna gdziekolwiek jeste\u015b. Synchronizacja kont, cz\u0119ste aktualizacje i pomoc techniczna w aplikacji \u2013 wszystko to znajdziesz w aplikacji Gamblerina.","og_url":"https:\/\/gamble-rina.org\/pl\/aplikacja\/","og_site_name":"Gamblerina","article_modified_time":"2026-05-13T15:17:23+00:00","twitter_card":"summary_large_image","twitter_misc":{"Szacowany czas czytania":"1 minuta"},"schema":{"@context":"https:\/\/schema.org","@graph":[{"@type":"WebPage","@id":"https:\/\/gamble-rina.org\/pl\/aplikacja\/","url":"https:\/\/gamble-rina.org\/pl\/aplikacja\/","name":"Gamblerina App \u2013 pobierz na iOS i Androida","isPartOf":{"@id":"https:\/\/gamble-rina.org\/pl\/#website"},"datePublished":"2026-05-13T12:29:02+00:00","dateModified":"2026-05-13T15:17:23+00:00","description":"Zainstaluj aplikacj\u0119 Gamblerina na urz\u0105dzenia z systemem iOS, Android, Windows i macOS, aby gra\u0107 w pe\u0142n\u0105 wersj\u0119 kasyna gdziekolwiek jeste\u015b. Synchronizacja kont, cz\u0119ste aktualizacje i pomoc techniczna w aplikacji \u2013 wszystko to znajdziesz w aplikacji Gamblerina.","breadcrumb":{"@id":"https:\/\/gamble-rina.org\/pl\/aplikacja\/#breadcrumb"},"inLanguage":"pl-PL","potentialAction":[{"@type":"ReadAction","target":["https:\/\/gamble-rina.org\/pl\/aplikacja\/"]}]},{"@type":"BreadcrumbList","@id":"https:\/\/gamble-rina.org\/pl\/aplikacja\/#breadcrumb","itemListElement":[{"@type":"ListItem","position":1,"name":"Gamblerina","item":"https:\/\/gamble-rina.org\/pl\/"},{"@type":"ListItem","position":2,"name":"Aplikacja"}]},{"@type":"WebSite","@id":"https:\/\/gamble-rina.org\/pl\/#website","url":"https:\/\/gamble-rina.org\/pl\/","name":"Gamblerina","description":"","publisher":{"@id":"https:\/\/gamble-rina.org\/pl\/#organization"},"potentialAction":[{"@type":"SearchAction","target":{"@type":"EntryPoint","urlTemplate":"https:\/\/gamble-rina.org\/pl\/?s={search_term_string}"},"query-input":{"@type":"PropertyValueSpecification","valueRequired":true,"valueName":"search_term_string"}}],"inLanguage":"pl-PL"},{"@type":"Organization","@id":"https:\/\/gamble-rina.org\/pl\/#organization","name":"Gamblerina","url":"https:\/\/gamble-rina.org\/pl\/","logo":{"@type":"ImageObject","inLanguage":"pl-PL","@id":"https:\/\/gamble-rina.org\/pl\/#\/schema\/logo\/image\/","url":"https:\/\/gamble-rina.org\/wp-content\/uploads\/2026\/05\/Gamblerina-logo.png","contentUrl":"https:\/\/gamble-rina.org\/wp-content\/uploads\/2026\/05\/Gamblerina-logo.png","width":196,"height":40,"caption":"Gamblerina"},"image":{"@id":"https:\/\/gamble-rina.org\/pl\/#\/schema\/logo\/image\/"}}]}},"_links":{"self":[{"href":"https:\/\/gamble-rina.org\/pl\/wp-json\/wp\/v2\/pages\/1719","targetHints":{"allow":["GET"]}}],"collection":[{"href":"https:\/\/gamble-rina.org\/pl\/wp-json\/wp\/v2\/pages"}],"about":[{"href":"https:\/\/gamble-rina.org\/pl\/wp-json\/wp\/v2\/types\/page"}],"author":[{"embeddable":true,"href":"https:\/\/gamble-rina.org\/pl\/wp-json\/wp\/v2\/users\/35"}],"replies":[{"embeddable":true,"href":"https:\/\/gamble-rina.org\/pl\/wp-json\/wp\/v2\/comments?post=1719"}],"version-history":[{"count":2,"href":"https:\/\/gamble-rina.org\/pl\/wp-json\/wp\/v2\/pages\/1719\/revisions"}],"predecessor-version":[{"id":2016,"href":"https:\/\/gamble-rina.org\/pl\/wp-json\/wp\/v2\/pages\/1719\/revisions\/2016"}],"wp:attachment":[{"href":"https:\/\/gamble-rina.org\/pl\/wp-json\/wp\/v2\/media?parent=1719"}],"curies":[{"name":"wp","href":"https:\/\/api.w.org\/{rel}","templated":true}]}}